{"id":7400,"date":"2017-06-02T14:24:46","date_gmt":"2017-06-02T12:24:46","guid":{"rendered":"http:\/\/consejoescolar.educacion.navarra.es\/web1\/?page_id=7400\/"},"modified":"2026-03-24T09:55:05","modified_gmt":"2026-03-24T08:55:05","slug":"cuentas-del-consejo","status":"publish","type":"page","link":"https:\/\/consejoescolar.educacion.navarra.es\/web1\/cuentas-del-consejo\/","title":{"rendered":"Cuentas del Consejo"},"content":{"rendered":"<p>La rendici\u00f3n de cuentas del presupuesto del Consejo Escolar de Navarra se realiza de manera semestral ante la Comisi\u00f3n Permanente y el Pleno correspondiente.<\/p>\n<p>Es conveniente tener en cuenta que las fluctuaciones presupuestarias y de gastos del per\u00edodo presentado se corresponden, en muchos casos, a circunstancias muy concretas: cambio y adecuaci\u00f3n de la sede del Consejo; alquileres, electricidad y limpieza de sedes anteriores; pagos por traducci\u00f3n a empresas externas; jornadas educativas; publicaciones y otras.<\/p>\n<p>En cualquier caso, hay que precisar que los gastos del personal propio del Consejo son a cargo del Departamento de Educaci\u00f3n y, por ello, no constan en este desglose.<\/p>\n<p>En cuanto a las aportaciones econ\u00f3micas realizadas por el Departamento de Educaci\u00f3n al Consejo Escolar de Navarra han sido las siguientes:<\/p>\n<ul>\n<li>A\u00f1o 2006 \u00a0 \u00a0 \u00a0 \u00a0 \u00a0 \u00a0 50.960 \u20ac<\/li>\n<li>A\u00f1o 2007 \u00a0 \u00a0 \u00a0 \u00a0 \u00a0 \u00a0 105.398 \u20ac<\/li>\n<li>A\u00f1o 2008 \u00a0 \u00a0 \u00a0 \u00a0 \u00a0 \u00a0 53.331 \u20ac<\/li>\n<li>A\u00f1o 2009 \u00a0 \u00a0 \u00a0 \u00a0 \u00a0 \u00a0 58.000 \u20ac<\/li>\n<li>A\u00f1o 2010 \u00a0 \u00a0 \u00a0 \u00a0 \u00a0 \u00a0 52.200 \u20ac<\/li>\n<li>A\u00f1o 2011 \u00a0 \u00a0 \u00a0 \u00a0 \u00a0 \u00a0 49.537 \u20ac<\/li>\n<li>A\u00f1o 2012 \u00a0 \u00a0 \u00a0 \u00a0 \u00a0\u00a0\u00a0 29.035 \u20ac<\/li>\n<li>A\u00f1o 2017\u00a0\u00a0\u00a0\u00a0\u00a0\u00a0\u00a0\u00a0\u00a0\u00a0\u00a0\u00a0 25.000 \u20ac<\/li>\n<li>A\u00f1o 2018\u00a0\u00a0\u00a0\u00a0\u00a0\u00a0\u00a0\u00a0\u00a0\u00a0\u00a0\u00a0 35.000 \u20ac<\/li>\n<li>A\u00f1o 2019\u00a0\u00a0\u00a0\u00a0\u00a0\u00a0\u00a0\u00a0\u00a0\u00a0\u00a0\u00a0 35.000 \u20ac<\/li>\n<li>A\u00f1o 2021\u00a0\u00a0\u00a0\u00a0\u00a0\u00a0\u00a0\u00a0\u00a0\u00a0\u00a0\u00a0 35.000 \u20ac<\/li>\n<li>A\u00f1o 2022\u00a0\u00a0\u00a0\u00a0\u00a0\u00a0\u00a0\u00a0\u00a0\u00a0\u00a0\u00a0 35.000 \u20ac<\/li>\n<li>A\u00f1o 2023\u00a0\u00a0\u00a0\u00a0\u00a0\u00a0\u00a0\u00a0\u00a0\u00a0\u00a0\u00a0 35.000 \u20ac<\/li>\n<li>A\u00f1o 2024\u00a0\u00a0\u00a0\u00a0\u00a0\u00a0\u00a0\u00a0\u00a0\u00a0\u00a0\u00a0 35.000 \u20ac<\/li>\n<\/ul>\n<p>A partir de 2013 los gastos se han abonado con el remanente existente en la cuenta de gesti\u00f3n de a\u00f1os anteriores. En el a\u00f1o 2017 se han normalizado las aportaciones del Departamento de Educaci\u00f3n.<\/p>\n<p>Presentamos las cuentas de los \u00faltimos a\u00f1os. Cada documento contiene los gastos relativos de los dos semestres del a\u00f1o correspondiente.<a name=\"_Toc514657459\"><\/a><\/p>\n<ul>\n<li><a href=\"https:\/\/drive.google.com\/file\/d\/126Td_dGBVZVmAev5ehiNYpYqODnDXuvO\/view?usp=drive_link\">2024<\/a><\/li>\n<li><a href=\"https:\/\/consejoescolar.educacion.navarra.es\/web1\/wp-content\/uploads\/2023\/12\/cuentas-2023.pdf\">2023<\/a><\/li>\n<li><a href=\"https:\/\/consejoescolar.educacion.navarra.es\/web1\/wp-content\/uploads\/2023\/01\/2022-total.pdf\">2022<\/a><\/li>\n<li><a href=\"https:\/\/consejoescolar.educacion.navarra.es\/web1\/wp-content\/uploads\/2022\/01\/2021-total.pdf\">2021<\/a><\/li>\n<li><a href=\"https:\/\/consejoescolar.educacion.navarra.es\/web1\/wp-content\/uploads\/2021\/02\/2020.pdf\">2020<\/a><\/li>\n<li><a href=\"https:\/\/consejoescolar.educacion.navarra.es\/web1\/wp-content\/uploads\/2019\/12\/cierre-semestre-1-y-2-2019.pdf\">2019<\/a><\/li>\n<li><a href=\"http:\/\/consejoescolar.educacion.navarra.es\/web1\/wp-content\/uploads\/2018\/12\/cuenta-gesti\u00f3n-a\u00f1o-2018.pdf\" target=\"_blank\" rel=\"noopener noreferrer\">2018<\/a><\/li>\n<li><a href=\"http:\/\/consejoescolar.educacion.navarra.es\/web1\/wp-content\/uploads\/2017\/12\/Cta_Gesti\u00f3n_2017.pdf\">2017<\/a><\/li>\n<li><a href=\"http:\/\/consejoescolar.educacion.navarra.es\/web1\/wp-content\/uploads\/2017\/05\/Cta.-Gesti\u00f3n-2016.pdf\" target=\"_blank\" rel=\"noopener noreferrer\">2016<\/a><\/li>\n<li><a href=\"http:\/\/consejoescolar.educacion.navarra.es\/web1\/wp-content\/uploads\/2017\/05\/Cta.-Gesti\u00f3n-2015.pdf\" target=\"_blank\" rel=\"noopener noreferrer\">2015<\/a><\/li>\n<li><a href=\"http:\/\/consejoescolar.educacion.navarra.es\/web1\/wp-content\/uploads\/2017\/05\/Cta.-Gesti\u00f3n-2014.pdf\" target=\"_blank\" rel=\"noopener noreferrer\">2014<\/a><\/li>\n<li><a href=\"http:\/\/consejoescolar.educacion.navarra.es\/web1\/wp-content\/uploads\/2017\/05\/Cta.-Gesti\u00f3n-2013.pdf\" target=\"_blank\" rel=\"noopener noreferrer\">2013<\/a><\/li>\n<li><a href=\"http:\/\/consejoescolar.educacion.navarra.es\/web1\/wp-content\/uploads\/2017\/05\/Cta.-Gesti\u00f3n-2012.pdf\" target=\"_blank\" rel=\"noopener noreferrer\">2012<\/a><\/li>\n<li><a href=\"http:\/\/consejoescolar.educacion.navarra.es\/web1\/wp-content\/uploads\/2017\/05\/Cta.-Gesti\u00f3n-2011.pdf\" target=\"_blank\" rel=\"noopener noreferrer\">2011<\/a><\/li>\n<li><a href=\"http:\/\/consejoescolar.educacion.navarra.es\/web1\/wp-content\/uploads\/2017\/05\/Cta.-Gesti\u00f3n-2010.pdf\" target=\"_blank\" rel=\"noopener noreferrer\">2010<\/a><\/li>\n<li><a href=\"http:\/\/consejoescolar.educacion.navarra.es\/web1\/wp-content\/uploads\/2017\/05\/Cta.-Gesti\u00f3n-2009.pdf\" target=\"_blank\" rel=\"noopener noreferrer\">2009<\/a><\/li>\n<li><a href=\"http:\/\/consejoescolar.educacion.navarra.es\/web1\/wp-content\/uploads\/2017\/05\/Cta.-Gesti\u00f3n-2008.pdf\" target=\"_blank\" rel=\"noopener noreferrer\">2008<\/a><\/li>\n<li><a href=\"http:\/\/consejoescolar.educacion.navarra.es\/web1\/wp-content\/uploads\/2017\/05\/Cta.-Gesti\u00f3n-2007.pdf\" target=\"_blank\" rel=\"noopener noreferrer\">2007<\/a><\/li>\n<li><a href=\"http:\/\/consejoescolar.educacion.navarra.es\/web1\/wp-content\/uploads\/2017\/05\/Cta.-Gesti\u00f3n-2006.pdf\" target=\"_blank\" rel=\"noopener noreferrer\">2006<\/a><\/li>\n<\/ul>\n<p>A continuaci\u00f3n puede verse la evoluci\u00f3n del gasto por cap\u00edtulos y en cifras totales.<\/p>\n\n\n<figure class=\"wp-block-image size-full is-resized\"><a href=\"https:\/\/consejoescolar.educacion.navarra.es\/web1\/wp-content\/uploads\/2025\/04\/Gastos-totales-en-euros-1.jpg\"><img loading=\"lazy\" src=\"https:\/\/consejoescolar.educacion.navarra.es\/web1\/wp-content\/uploads\/2025\/04\/Gastos-totales-en-euros-1.jpg\" alt=\"\" class=\"wp-image-34195\" width=\"853\" height=\"520\" srcset=\"https:\/\/consejoescolar.educacion.navarra.es\/web1\/wp-content\/uploads\/2025\/04\/Gastos-totales-en-euros-1.jpg 802w, https:\/\/consejoescolar.educacion.navarra.es\/web1\/wp-content\/uploads\/2025\/04\/Gastos-totales-en-euros-1-300x183.jpg 300w, https:\/\/consejoescolar.educacion.navarra.es\/web1\/wp-content\/uploads\/2025\/04\/Gastos-totales-en-euros-1-768x468.jpg 768w\" sizes=\"(max-width: 853px) 100vw, 853px\" \/><\/a><\/figure>\n\n\n\n<figure class=\"wp-block-image size-full is-resized\"><a href=\"https:\/\/consejoescolar.educacion.navarra.es\/web1\/wp-content\/uploads\/2025\/04\/Gastos-capitulos.jpg\"><img loading=\"lazy\" src=\"https:\/\/consejoescolar.educacion.navarra.es\/web1\/wp-content\/uploads\/2025\/04\/Gastos-capitulos.jpg\" alt=\"\" class=\"wp-image-34205\" width=\"862\" height=\"526\" srcset=\"https:\/\/consejoescolar.educacion.navarra.es\/web1\/wp-content\/uploads\/2025\/04\/Gastos-capitulos.jpg 835w, https:\/\/consejoescolar.educacion.navarra.es\/web1\/wp-content\/uploads\/2025\/04\/Gastos-capitulos-300x183.jpg 300w, https:\/\/consejoescolar.educacion.navarra.es\/web1\/wp-content\/uploads\/2025\/04\/Gastos-capitulos-768x469.jpg 768w\" sizes=\"(max-width: 862px) 100vw, 862px\" \/><\/a><\/figure>\n\n\n\n<p><\/p>\n","protected":false},"excerpt":{"rendered":"<p>La rendici\u00f3n de cuentas del presupuesto del Consejo Escolar de Navarra se realiza de manera semestral ante la Comisi\u00f3n Permanente y el Pleno correspondiente. Es conveniente tener en cuenta que las fluctuaciones presupuestarias y de gastos del per\u00edodo presentado se corresponden, en muchos casos, a circunstancias muy concretas: cambio y adecuaci\u00f3n de la sede del [&hellip;]<\/p>\n","protected":false},"author":1,"featured_media":0,"parent":0,"menu_order":0,"comment_status":"closed","ping_status":"closed","template":"","meta":{"_genesis_hide_title":false,"_genesis_hide_breadcrumbs":false,"_genesis_hide_singular_image":false,"_genesis_hide_footer_widgets":false,"_genesis_custom_body_class":"","_genesis_custom_post_class":"","_genesis_layout":"","jetpack_post_was_ever_published":false},"_links":{"self":[{"href":"https:\/\/consejoescolar.educacion.navarra.es\/web1\/wp-json\/wp\/v2\/pages\/7400"}],"collection":[{"href":"https:\/\/consejoescolar.educacion.navarra.es\/web1\/wp-json\/wp\/v2\/pages"}],"about":[{"href":"https:\/\/consejoescolar.educacion.navarra.es\/web1\/wp-json\/wp\/v2\/types\/page"}],"author":[{"embeddable":true,"href":"https:\/\/consejoescolar.educacion.navarra.es\/web1\/wp-json\/wp\/v2\/users\/1"}],"replies":[{"embeddable":true,"href":"https:\/\/consejoescolar.educacion.navarra.es\/web1\/wp-json\/wp\/v2\/comments?post=7400"}],"version-history":[{"count":41,"href":"https:\/\/consejoescolar.educacion.navarra.es\/web1\/wp-json\/wp\/v2\/pages\/7400\/revisions"}],"predecessor-version":[{"id":37102,"href":"https:\/\/consejoescolar.educacion.navarra.es\/web1\/wp-json\/wp\/v2\/pages\/7400\/revisions\/37102"}],"wp:attachment":[{"href":"https:\/\/consejoescolar.educacion.navarra.es\/web1\/wp-json\/wp\/v2\/media?parent=7400"}],"curies":[{"name":"wp","href":"https:\/\/api.w.org\/{rel}","templated":true}]}}