{"id":3127,"date":"2016-02-25T14:23:27","date_gmt":"2016-02-25T13:23:27","guid":{"rendered":"http:\/\/consejoescolar.educacion.navarra.es\/web1\/?page_id=3127"},"modified":"2016-02-25T14:23:27","modified_gmt":"2016-02-25T13:23:27","slug":"monografias","status":"publish","type":"page","link":"https:\/\/consejoescolar.educacion.navarra.es\/web1\/monografias\/","title":{"rendered":"Monograf\u00edas"},"content":{"rendered":"<figure class=\"wp-block-table is-style-stripes\"><table class=\"ddownloads_list category-monografias list-title\"><tr><td><a href=\"https:\/\/consejoescolar.educacion.navarra.es\/web1\/?ddownload=3138\" title=\"2009. La jornada de los escolares en Navarra\" rel=\"nofollow\" class=\"id-3138 ext-pdf\">2009. La jornada de los escolares en Navarra<\/a><\/td><\/tr><tr><td><a href=\"https:\/\/consejoescolar.educacion.navarra.es\/web1\/?ddownload=3139\" title=\"2012. Tareas escolares: la opini\u00f3n de los estudiantes\" rel=\"nofollow\" class=\"id-3139 ext-pdf\">2012. Tareas escolares: la opini\u00f3n de los estudiantes<\/a><\/td><\/tr><tr><td><a href=\"https:\/\/consejoescolar.educacion.navarra.es\/web1\/?ddownload=3141\" title=\"2012. Tareas escolares: participaci\u00f3n web\" rel=\"nofollow\" class=\"id-3141 ext-pdf\">2012. Tareas escolares: participaci\u00f3n web<\/a><\/td><\/tr><tr><td><a href=\"https:\/\/consejoescolar.educacion.navarra.es\/web1\/?ddownload=3124\" title=\"2015. El TDAH: Informe del Consejo Escolar de Navarra\" rel=\"nofollow\" class=\"id-3124 ext-pdf\">2015. El TDAH: Informe del Consejo Escolar de Navarra<\/a><\/td><\/tr><tr><td><a href=\"https:\/\/consejoescolar.educacion.navarra.es\/web1\/?ddownload=3125\" title=\"2015. Idoneidad y repetici\u00f3n en el sistema educativo en Navarra\" rel=\"nofollow\" class=\"id-3125 ext-pdf\">2015. Idoneidad y repetici\u00f3n en el sistema educativo en Navarra<\/a><\/td><\/tr><tr><td><a href=\"https:\/\/consejoescolar.educacion.navarra.es\/web1\/?ddownload=5644\" title=\"2016. 0-6 Educaci\u00f3n Infantil\" rel=\"nofollow\" class=\"id-5644 ext-pdf\">2016. 0-6 Educaci\u00f3n Infantil<\/a><\/td><\/tr><tr><td><a href=\"https:\/\/consejoescolar.educacion.navarra.es\/web1\/?ddownload=4332\" title=\"2016. La participaci\u00f3n de las familias en el sistema educativo de Navarra\" rel=\"nofollow\" class=\"id-4332 ext-pdf\">2016. La participaci\u00f3n de las familias en el sistema educativo de Navarra<\/a><\/td><\/tr><tr><td><a href=\"https:\/\/consejoescolar.educacion.navarra.es\/web1\/?ddownload=8760\" title=\"2017. Escuela Rural en Navarra\" rel=\"nofollow\" class=\"id-8760 ext-pdf\">2017. Escuela Rural en Navarra<\/a><\/td><\/tr><tr><td><a href=\"https:\/\/consejoescolar.educacion.navarra.es\/web1\/?ddownload=6592\" title=\"2017. Proyectos de innovaci\u00f3n 2015-2016\" rel=\"nofollow\" class=\"id-6592 ext-pdf\">2017. Proyectos de innovaci\u00f3n 2015-2016<\/a><\/td><\/tr><tr><td><a href=\"https:\/\/consejoescolar.educacion.navarra.es\/web1\/?ddownload=12839\" title=\"2018. Educaci\u00f3n y espacio 2018\" rel=\"nofollow\" class=\"id-12839 ext-pdf\">2018. Educaci\u00f3n y espacio 2018<\/a><\/td><\/tr><tr><td><a href=\"https:\/\/consejoescolar.educacion.navarra.es\/web1\/?ddownload=12302\" title=\"2018. La participaci\u00f3n de las familias en el sistema educativo de Navarra (Parte II)\" rel=\"nofollow\" class=\"id-12302 ext-pdf\">2018. La participaci\u00f3n de las familias en el sistema educativo de Navarra (Parte II)<\/a><\/td><\/tr><tr><td><a href=\"https:\/\/consejoescolar.educacion.navarra.es\/web1\/?ddownload=10287\" title=\"2018. Proyectos de innovaci\u00f3n 2016-2017\" rel=\"nofollow\" class=\"id-10287 ext-pdf\">2018. Proyectos de innovaci\u00f3n 2016-2017<\/a><\/td><\/tr><tr><td><a href=\"https:\/\/consejoescolar.educacion.navarra.es\/web1\/?ddownload=16428\" title=\"2019. Escuela y contexto\" rel=\"nofollow\" class=\"id-16428 ext-pdf\">2019. Escuela y contexto<\/a><\/td><\/tr><tr><td><a href=\"https:\/\/consejoescolar.educacion.navarra.es\/web1\/?ddownload=14945\" title=\"2019. Proyectos de innovaci\u00f3n 2017-2018\" rel=\"nofollow\" class=\"id-14945 ext-pdf\">2019. Proyectos de innovaci\u00f3n 2017-2018<\/a><\/td><\/tr><tr><td><a href=\"https:\/\/consejoescolar.educacion.navarra.es\/web1\/?ddownload=20408\" title=\"2020. Proyectos de innovaci\u00f3n 2018-2019\" rel=\"nofollow\" class=\"id-20408 ext-pdf\">2020. Proyectos de innovaci\u00f3n 2018-2019<\/a><\/td><\/tr><tr><td><a href=\"https:\/\/consejoescolar.educacion.navarra.es\/web1\/?ddownload=22412\" title=\"2021. Apoyo Conductual Positivo y Centros de Educaci\u00f3n Especial\" rel=\"nofollow\" class=\"id-22412 ext-pdf\">2021. Apoyo Conductual Positivo y Centros de Educaci\u00f3n Especial<\/a><\/td><\/tr><tr><td><a href=\"https:\/\/consejoescolar.educacion.navarra.es\/web1\/?ddownload=27651\" title=\"2022. Autonom\u00eda, liderazgo, evaluaci\u00f3n y participaci\u00f3n en los centros educativos\" rel=\"nofollow\" class=\"id-27651 ext-pdf\">2022. Autonom\u00eda, liderazgo, evaluaci\u00f3n y participaci\u00f3n en los centros educativos<\/a><\/td><\/tr><tr><td><a href=\"https:\/\/consejoescolar.educacion.navarra.es\/web1\/?ddownload=25417\" title=\"2022. Pacto Social por la Educaci\u00f3n en Navarra\" rel=\"nofollow\" class=\"id-25417 ext-pdf\">2022. Pacto Social por la Educaci\u00f3n en Navarra<\/a><\/td><\/tr><tr><td><a href=\"https:\/\/consejoescolar.educacion.navarra.es\/web1\/?ddownload=30545\" title=\"2023. La Jornada Escolar. Reflexiones y Datos\" rel=\"nofollow\" class=\"id-30545 ext-pdf\">2023. La Jornada Escolar. Reflexiones y Datos<\/a><\/td><\/tr><tr><td><a href=\"https:\/\/consejoescolar.educacion.navarra.es\/web1\/?ddownload=31626\" title=\"2023. Neuroeducaci\u00f3n \u00bfC\u00f3mo aprende el cerebro?\" rel=\"nofollow\" class=\"id-31626 ext-pdf\">2023. Neuroeducaci\u00f3n \u00bfC\u00f3mo aprende el cerebro?<\/a><\/td><\/tr><\/table><\/figure>\n","protected":false},"excerpt":{"rendered":"","protected":false},"author":1,"featured_media":0,"parent":0,"menu_order":0,"comment_status":"closed","ping_status":"closed","template":"","meta":{"_genesis_hide_title":false,"_genesis_hide_breadcrumbs":false,"_genesis_hide_singular_image":false,"_genesis_hide_footer_widgets":false,"_genesis_custom_body_class":"","_genesis_custom_post_class":"","_genesis_layout":"","jetpack_post_was_ever_published":false},"_links":{"self":[{"href":"https:\/\/consejoescolar.educacion.navarra.es\/web1\/wp-json\/wp\/v2\/pages\/3127"}],"collection":[{"href":"https:\/\/consejoescolar.educacion.navarra.es\/web1\/wp-json\/wp\/v2\/pages"}],"about":[{"href":"https:\/\/consejoescolar.educacion.navarra.es\/web1\/wp-json\/wp\/v2\/types\/page"}],"author":[{"embeddable":true,"href":"https:\/\/consejoescolar.educacion.navarra.es\/web1\/wp-json\/wp\/v2\/users\/1"}],"replies":[{"embeddable":true,"href":"https:\/\/consejoescolar.educacion.navarra.es\/web1\/wp-json\/wp\/v2\/comments?post=3127"}],"version-history":[{"count":1,"href":"https:\/\/consejoescolar.educacion.navarra.es\/web1\/wp-json\/wp\/v2\/pages\/3127\/revisions"}],"predecessor-version":[{"id":3128,"href":"https:\/\/consejoescolar.educacion.navarra.es\/web1\/wp-json\/wp\/v2\/pages\/3127\/revisions\/3128"}],"wp:attachment":[{"href":"https:\/\/consejoescolar.educacion.navarra.es\/web1\/wp-json\/wp\/v2\/media?parent=3127"}],"curies":[{"name":"wp","href":"https:\/\/api.w.org\/{rel}","templated":true}]}}