{"id":23037,"date":"2021-12-07T11:24:22","date_gmt":"2021-12-07T10:24:22","guid":{"rendered":"https:\/\/consejoescolar.educacion.navarra.es\/web1\/?page_id=23037"},"modified":"2022-02-21T09:41:14","modified_gmt":"2022-02-21T08:41:14","slug":"comite-tecnico-de-coordinacion-covid-por-la-educacion","status":"publish","type":"page","link":"https:\/\/consejoescolar.educacion.navarra.es\/web1\/comite-tecnico-de-coordinacion-covid-por-la-educacion\/","title":{"rendered":"Comit\u00e9 COVID"},"content":{"rendered":"\n<p>Actas del Comit\u00e9 T\u00e9cnico de Coordinaci\u00f3n COVID-19 por la Educaci\u00f3n.<\/p>\n\n\n\n<p>Actas 2020:<\/p>\n\n\n<figure class=\"wp-block-table is-style-stripes\"><table class=\"ddownloads_list tag-comite-2020 list-title\"><tr><td><a href=\"https:\/\/consejoescolar.educacion.navarra.es\/web1\/?ddownload=23048\" title=\"1. Acta 10-09-2020\" rel=\"nofollow\" class=\"id-23048 ext-pdf\">1. Acta 10-09-2020<\/a><\/td><\/tr><tr><td><a href=\"https:\/\/consejoescolar.educacion.navarra.es\/web1\/?ddownload=23049\" title=\"2. Acta 30-09-2020\" rel=\"nofollow\" class=\"id-23049 ext-pdf\">2. Acta 30-09-2020<\/a><\/td><\/tr><tr><td><a href=\"https:\/\/consejoescolar.educacion.navarra.es\/web1\/?ddownload=23050\" title=\"3. Acta 22-10-2020\" rel=\"nofollow\" class=\"id-23050 ext-pdf\">3. Acta 22-10-2020<\/a><\/td><\/tr><tr><td><a href=\"https:\/\/consejoescolar.educacion.navarra.es\/web1\/?ddownload=23051\" title=\"4. Acta 19-11-2020\" rel=\"nofollow\" class=\"id-23051 ext-pdf\">4. Acta 19-11-2020<\/a><\/td><\/tr><\/table><\/figure>\n\n\n\n<p>Actas 2021:<\/p>\n\n\n<figure class=\"wp-block-table is-style-stripes\"><table class=\"ddownloads_list tag-comite-2021 list-title\"><tr><td><a href=\"https:\/\/consejoescolar.educacion.navarra.es\/web1\/?ddownload=23052\" title=\"1. Acta 14-01-2021\" rel=\"nofollow\" class=\"id-23052 ext-pdf\">1. Acta 14-01-2021<\/a><\/td><\/tr><tr><td><a href=\"https:\/\/consejoescolar.educacion.navarra.es\/web1\/?ddownload=23053\" title=\"2. Acta 11-02-2021\" rel=\"nofollow\" class=\"id-23053 ext-pdf\">2. Acta 11-02-2021<\/a><\/td><\/tr><tr><td><a href=\"https:\/\/consejoescolar.educacion.navarra.es\/web1\/?ddownload=23054\" title=\"3. Acta 16-03-2021\" rel=\"nofollow\" class=\"id-23054 ext-pdf\">3. Acta 16-03-2021<\/a><\/td><\/tr><tr><td><a href=\"https:\/\/consejoescolar.educacion.navarra.es\/web1\/?ddownload=23055\" title=\"4. Acta 22-04-2021\" rel=\"nofollow\" class=\"id-23055 ext-pdf\">4. Acta 22-04-2021<\/a><\/td><\/tr><tr><td><a href=\"https:\/\/consejoescolar.educacion.navarra.es\/web1\/?ddownload=23056\" title=\"5. Acta 25-05-2021\" rel=\"nofollow\" class=\"id-23056 ext-pdf\">5. Acta 25-05-2021<\/a><\/td><\/tr><tr><td><a href=\"https:\/\/consejoescolar.educacion.navarra.es\/web1\/?ddownload=23069\" title=\"6. Acta 23-09-2021\" rel=\"nofollow\" class=\"id-23069 ext-pdf\">6. Acta 23-09-2021<\/a><\/td><\/tr><tr><td><a href=\"https:\/\/consejoescolar.educacion.navarra.es\/web1\/?ddownload=23070\" title=\"7. Acta 21-10-2021\" rel=\"nofollow\" class=\"id-23070 ext-pdf\">7. Acta 21-10-2021<\/a><\/td><\/tr><tr><td><a href=\"https:\/\/consejoescolar.educacion.navarra.es\/web1\/?ddownload=23418\" title=\"8. Acta 25-11-2021\" rel=\"nofollow\" class=\"id-23418 ext-pdf\">8. Acta 25-11-2021<\/a><\/td><\/tr><\/table><\/figure>\n\n\n\n<p>Actas 2022:<\/p>\n\n\n<figure class=\"wp-block-table is-style-stripes\"><table class=\"ddownloads_list tag-comite-2022 list-title\"><tr><td><a href=\"https:\/\/consejoescolar.educacion.navarra.es\/web1\/?ddownload=23862\" title=\"1. Acta 20-01-2022\" rel=\"nofollow\" class=\"id-23862 ext-pdf\">1. Acta 20-01-2022<\/a><\/td><\/tr><tr><td><a href=\"https:\/\/consejoescolar.educacion.navarra.es\/web1\/?ddownload=26127\" title=\"2.Acta 24-02-2022\" rel=\"nofollow\" class=\"id-26127 ext-pdf\">2.Acta 24-02-2022<\/a><\/td><\/tr><\/table><\/figure>\n","protected":false},"excerpt":{"rendered":"<p>Actas del Comit\u00e9 T\u00e9cnico de Coordinaci\u00f3n COVID-19 por la Educaci\u00f3n. Actas 2020: Actas 2021: Actas 2022:<\/p>\n","protected":false},"author":1,"featured_media":0,"parent":0,"menu_order":0,"comment_status":"closed","ping_status":"closed","template":"","meta":{"_genesis_hide_title":false,"_genesis_hide_breadcrumbs":false,"_genesis_hide_singular_image":false,"_genesis_hide_footer_widgets":false,"_genesis_custom_body_class":"","_genesis_custom_post_class":"","_genesis_layout":"","jetpack_post_was_ever_published":false},"_links":{"self":[{"href":"https:\/\/consejoescolar.educacion.navarra.es\/web1\/wp-json\/wp\/v2\/pages\/23037"}],"collection":[{"href":"https:\/\/consejoescolar.educacion.navarra.es\/web1\/wp-json\/wp\/v2\/pages"}],"about":[{"href":"https:\/\/consejoescolar.educacion.navarra.es\/web1\/wp-json\/wp\/v2\/types\/page"}],"author":[{"embeddable":true,"href":"https:\/\/consejoescolar.educacion.navarra.es\/web1\/wp-json\/wp\/v2\/users\/1"}],"replies":[{"embeddable":true,"href":"https:\/\/consejoescolar.educacion.navarra.es\/web1\/wp-json\/wp\/v2\/comments?post=23037"}],"version-history":[{"count":6,"href":"https:\/\/consejoescolar.educacion.navarra.es\/web1\/wp-json\/wp\/v2\/pages\/23037\/revisions"}],"predecessor-version":[{"id":23863,"href":"https:\/\/consejoescolar.educacion.navarra.es\/web1\/wp-json\/wp\/v2\/pages\/23037\/revisions\/23863"}],"wp:attachment":[{"href":"https:\/\/consejoescolar.educacion.navarra.es\/web1\/wp-json\/wp\/v2\/media?parent=23037"}],"curies":[{"name":"wp","href":"https:\/\/api.w.org\/{rel}","templated":true}]}}