{"id":1978,"date":"2015-11-03T08:54:51","date_gmt":"2015-11-03T07:54:51","guid":{"rendered":"http:\/\/consejoescolar.educacion.navarra.es\/web1\/?page_id=1978"},"modified":"2018-05-29T12:19:01","modified_gmt":"2018-05-29T10:19:01","slug":"las-tardes-del-consejo","status":"publish","type":"page","link":"https:\/\/consejoescolar.educacion.navarra.es\/web1\/ficheros-2\/las-tardes-del-consejo\/","title":{"rendered":"Las tardes del Consejo"},"content":{"rendered":"<p>Infancia y ciudad. 22-05-2018.<\/p>\n<figure class=\"wp-block-table is-style-stripes\"><table class=\"ddownloads_list tag-tardes-marta-roman list-title\"><tr><td><a href=\"https:\/\/consejoescolar.educacion.navarra.es\/web1\/?ddownload=12329\" title=\"Cartel tardes Marta Rom\u00e1n-ekin arratsaldeak kartela\" rel=\"nofollow\" class=\"id-12329 ext-jpg\">Cartel tardes Marta Rom\u00e1n-ekin arratsaldeak kartela<\/a><\/td><\/tr><tr><td><a href=\"https:\/\/consejoescolar.educacion.navarra.es\/web1\/?ddownload=12330\" title=\"Entrevista a Marta Rom\u00e1n\" rel=\"nofollow\" class=\"id-12330 ext-pdf\">Entrevista a Marta Rom\u00e1n<\/a><\/td><\/tr><\/table><\/figure>\n<p>\u00abModelos de inclusi\u00f3n en las escuelas infantiles municipales de Reggio Emilia\u00bb y\u00a0\u201cPol\u00edtica educativa e infancia\u00bb. 14 y 15 de abril de 2016.<\/p>\n<figure class=\"wp-block-table is-style-stripes\"><table class=\"ddownloads_list tag-Tardes-maddalena list-title\"><tr><td><a href=\"https:\/\/consejoescolar.educacion.navarra.es\/web1\/?ddownload=4380\" title=\"Cartel Tardes Maddalena Tedeschi-rekin arratsaldeak, kartela\" rel=\"nofollow\" class=\"id-4380 ext-jpg\">Cartel Tardes Maddalena Tedeschi-rekin arratsaldeak, kartela<\/a><\/td><\/tr><tr><td><a href=\"https:\/\/consejoescolar.educacion.navarra.es\/web1\/?ddownload=4313\" title=\"Entrevista a Maddalena Tedeschi\" rel=\"nofollow\" class=\"id-4313 ext-pdf\">Entrevista a Maddalena Tedeschi<\/a><\/td><\/tr><\/table><\/figure>\n<p>Las ense\u00f1anzas art\u00edsticas. 17-04-2013.<\/p>\n<figure class=\"wp-block-table is-style-stripes\"><table class=\"ddownloads_list tag-Tardes-art\u00edsticas list-title\"><tr><td><a href=\"https:\/\/consejoescolar.educacion.navarra.es\/web1\/?ddownload=1985\" title=\"Ponencia Mar\u00eda Jos\u00e9 Hern\u00e1ndez\" rel=\"nofollow\" class=\"id-1985 ext-pdf\">Ponencia Mar\u00eda Jos\u00e9 Hern\u00e1ndez<\/a><\/td><\/tr><\/table><\/figure>\n<p>Evaluaci\u00f3n. 13-02-2013.<\/p>\n<figure class=\"wp-block-table is-style-stripes\"><table class=\"ddownloads_list tag-Tardes-Evaluaci\u00f3n list-title\"><tr><td><a href=\"https:\/\/consejoescolar.educacion.navarra.es\/web1\/?ddownload=1983\" title=\"Evaluaciones y planes de mejora\" rel=\"nofollow\" class=\"id-1983 ext-pdf\">Evaluaciones y planes de mejora<\/a><\/td><\/tr><\/table><\/figure>\n<p>La participaci\u00f3n de las familias. 21-11-2012.<\/p>\n<figure class=\"wp-block-table is-style-stripes\"><table class=\"ddownloads_list tag-Tardes-Participaci\u00f3n-Familias list-title\"><tr><td><a href=\"https:\/\/consejoescolar.educacion.navarra.es\/web1\/?ddownload=1975\" title=\"Intervenci\u00f3n FAPACENA\" rel=\"nofollow\" class=\"id-1975 ext-pdf\">Intervenci\u00f3n FAPACENA<\/a><\/td><\/tr><tr><td><a href=\"https:\/\/consejoescolar.educacion.navarra.es\/web1\/?ddownload=1974\" title=\"Intervenci\u00f3n Federaci\u00f3n de APYMAS British Y TIL-A de Navarra\" rel=\"nofollow\" class=\"id-1974 ext-pdf\">Intervenci\u00f3n Federaci\u00f3n de APYMAS British Y TIL-A de Navarra<\/a><\/td><\/tr><tr><td><a href=\"https:\/\/consejoescolar.educacion.navarra.es\/web1\/?ddownload=1977\" title=\"Intervenci\u00f3n Sortzen-Ikasbatuaz\" rel=\"nofollow\" class=\"id-1977 ext-pdf\">Intervenci\u00f3n Sortzen-Ikasbatuaz<\/a><\/td><\/tr><tr><td><a href=\"https:\/\/consejoescolar.educacion.navarra.es\/web1\/?ddownload=1976\" title=\"La participaci\u00f3n de los padres en el \u00e1mbito escolar\" rel=\"nofollow\" class=\"id-1976 ext-pdf\">La participaci\u00f3n de los padres en el \u00e1mbito escolar<\/a><\/td><\/tr><\/table><\/figure>\n<p>TDAH. 2012-02-29.<\/p>\n<figure class=\"wp-block-table is-style-stripes\"><table class=\"ddownloads_list tag-tardes-TDAH list-title\"><tr><td><a href=\"https:\/\/consejoescolar.educacion.navarra.es\/web1\/?ddownload=1972\" title=\"Intervenci\u00f3n Andr\u00e9s Jim\u00e9nez\" rel=\"nofollow\" class=\"id-1972 ext-pdf\">Intervenci\u00f3n Andr\u00e9s Jim\u00e9nez<\/a><\/td><\/tr><tr><td><a href=\"https:\/\/consejoescolar.educacion.navarra.es\/web1\/?ddownload=1973\" title=\"Intervenci\u00f3n Juan Cruz Ripoll\" rel=\"nofollow\" class=\"id-1973 ext-pdf\">Intervenci\u00f3n Juan Cruz Ripoll<\/a><\/td><\/tr><\/table><\/figure>\n<p>&nbsp;<\/p>\n<p>&nbsp;<\/p>\n<p>&nbsp;<\/p>\n","protected":false},"excerpt":{"rendered":"<p>Infancia y ciudad. 22-05-2018. \u00abModelos de inclusi\u00f3n en las escuelas infantiles municipales de Reggio Emilia\u00bb y\u00a0\u201cPol\u00edtica educativa e infancia\u00bb. 14 y 15 de abril de 2016. Las ense\u00f1anzas art\u00edsticas. 17-04-2013. Evaluaci\u00f3n. 13-02-2013. La participaci\u00f3n de las familias. 21-11-2012. TDAH. 2012-02-29. &nbsp; &nbsp; &nbsp;<\/p>\n","protected":false},"author":1,"featured_media":0,"parent":1686,"menu_order":0,"comment_status":"closed","ping_status":"closed","template":"","meta":{"_genesis_hide_title":false,"_genesis_hide_breadcrumbs":false,"_genesis_hide_singular_image":false,"_genesis_hide_footer_widgets":false,"_genesis_custom_body_class":"","_genesis_custom_post_class":"","_genesis_layout":"","jetpack_post_was_ever_published":false},"_links":{"self":[{"href":"https:\/\/consejoescolar.educacion.navarra.es\/web1\/wp-json\/wp\/v2\/pages\/1978"}],"collection":[{"href":"https:\/\/consejoescolar.educacion.navarra.es\/web1\/wp-json\/wp\/v2\/pages"}],"about":[{"href":"https:\/\/consejoescolar.educacion.navarra.es\/web1\/wp-json\/wp\/v2\/types\/page"}],"author":[{"embeddable":true,"href":"https:\/\/consejoescolar.educacion.navarra.es\/web1\/wp-json\/wp\/v2\/users\/1"}],"replies":[{"embeddable":true,"href":"https:\/\/consejoescolar.educacion.navarra.es\/web1\/wp-json\/wp\/v2\/comments?post=1978"}],"version-history":[{"count":13,"href":"https:\/\/consejoescolar.educacion.navarra.es\/web1\/wp-json\/wp\/v2\/pages\/1978\/revisions"}],"predecessor-version":[{"id":12331,"href":"https:\/\/consejoescolar.educacion.navarra.es\/web1\/wp-json\/wp\/v2\/pages\/1978\/revisions\/12331"}],"up":[{"embeddable":true,"href":"https:\/\/consejoescolar.educacion.navarra.es\/web1\/wp-json\/wp\/v2\/pages\/1686"}],"wp:attachment":[{"href":"https:\/\/consejoescolar.educacion.navarra.es\/web1\/wp-json\/wp\/v2\/media?parent=1978"}],"curies":[{"name":"wp","href":"https:\/\/api.w.org\/{rel}","templated":true}]}}