{"id":1653,"date":"2015-10-29T13:05:19","date_gmt":"2015-10-29T12:05:19","guid":{"rendered":"http:\/\/consejoescolar.educacion.navarra.es\/web1\/?page_id=1653"},"modified":"2026-04-13T11:01:44","modified_gmt":"2026-04-13T09:01:44","slug":"revistas-idea","status":"publish","type":"page","link":"https:\/\/consejoescolar.educacion.navarra.es\/web1\/ficheros-2\/revistas-idea\/","title":{"rendered":"Revistas Idea"},"content":{"rendered":"<figure class=\"wp-block-table is-style-stripes\"><table class=\"ddownloads_list tag-revista-idea list-title\"><tr><td><a href=\"https:\/\/consejoescolar.educacion.navarra.es\/web1\/?ddownload=34602\" title=\"Idea 59 \u00abPrevenci\u00f3n, detecci\u00f3n e intervenci\u00f3n en casos de ideaci\u00f3n suicida\u00bb\" rel=\"nofollow\" class=\"id-34602 ext-pdf\">Idea 59 \u00abPrevenci\u00f3n, detecci\u00f3n e intervenci\u00f3n en casos de ideaci\u00f3n suicida\u00bb<\/a><\/td><\/tr><tr><td><a href=\"https:\/\/consejoescolar.educacion.navarra.es\/web1\/?ddownload=33205\" title=\"Idea 58 \u00abLa repetici\u00f3n y el abandono educativo. Reflexiones y propuestas\u00bb\" rel=\"nofollow\" class=\"id-33205 ext-\">Idea 58 \u00abLa repetici\u00f3n y el abandono educativo. Reflexiones y propuestas\u00bb<\/a><\/td><\/tr><tr><td><a href=\"https:\/\/consejoescolar.educacion.navarra.es\/web1\/?ddownload=31386\" title=\"Idea 57 \u00abNeuroeducaci\u00f3n \u00bfc\u00f3mo aprende el cerebro?\u00bb\" rel=\"nofollow\" class=\"id-31386 ext-\">Idea 57 \u00abNeuroeducaci\u00f3n \u00bfc\u00f3mo aprende el cerebro?\u00bb<\/a><\/td><\/tr><tr><td><a href=\"https:\/\/consejoescolar.educacion.navarra.es\/web1\/?ddownload=29455\" title=\"Idea 56 \u00abLa Jornada Escolar. Reflexiones y Datos\u00bb\" rel=\"nofollow\" class=\"id-29455 ext-\">Idea 56 \u00abLa Jornada Escolar. Reflexiones y Datos\u00bb<\/a><\/td><\/tr><tr><td><a href=\"https:\/\/consejoescolar.educacion.navarra.es\/web1\/?ddownload=25713\" title=\"Idea 55 \u00abAutonom\u00eda, liderazgo, evaluaci\u00f3n y participacion en los centros educativos\u00bb\" rel=\"nofollow\" class=\"id-25713 ext-pdf\">Idea 55 \u00abAutonom\u00eda, liderazgo, evaluaci\u00f3n y participacion en los centros educativos\u00bb<\/a><\/td><\/tr><tr><td><a href=\"https:\/\/consejoescolar.educacion.navarra.es\/web1\/?ddownload=24168\" title=\"Idea 54 \u00abPacto Social por la Educaci\u00f3n en Navarra\u00bb\" rel=\"nofollow\" class=\"id-24168 ext-pdf\">Idea 54 \u00abPacto Social por la Educaci\u00f3n en Navarra\u00bb<\/a><\/td><\/tr><tr><td><a href=\"https:\/\/consejoescolar.educacion.navarra.es\/web1\/?ddownload=21861\" title=\"Idea 53 \u00abApoyo Conductual Positivo y Centros de Educaci\u00f3n Especial\u00bb\" rel=\"nofollow\" class=\"id-21861 ext-pdf\">Idea 53 \u00abApoyo Conductual Positivo y Centros de Educaci\u00f3n Especial\u00bb<\/a><\/td><\/tr><tr><td><a href=\"https:\/\/consejoescolar.educacion.navarra.es\/web1\/?ddownload=20352\" title=\"Idea 52 \u00abProyectos de innovaci\u00f3n 2018-2019\u00bb\" rel=\"nofollow\" class=\"id-20352 ext-pdf\">Idea 52 \u00abProyectos de innovaci\u00f3n 2018-2019\u00bb<\/a><\/td><\/tr><tr><td><a href=\"https:\/\/consejoescolar.educacion.navarra.es\/web1\/?ddownload=15704\" title=\"Idea 51 \u00abEscuela y contexto\u00bb\" rel=\"nofollow\" class=\"id-15704 ext-pdf\">Idea 51 \u00abEscuela y contexto\u00bb<\/a><\/td><\/tr><tr><td><a href=\"https:\/\/consejoescolar.educacion.navarra.es\/web1\/?ddownload=14543\" title=\"Idea 50 \u201cBerrikuntza proiektuak \u2013 Proyectos de innovaci\u00f3n 2017-2018\u201d\" rel=\"nofollow\" class=\"id-14543 ext-pdf\">Idea 50 \u201cBerrikuntza proiektuak \u2013 Proyectos de innovaci\u00f3n 2017-2018\u201d<\/a><\/td><\/tr><tr><td><a href=\"https:\/\/consejoescolar.educacion.navarra.es\/web1\/?ddownload=11637\" title=\"Idea 49 \u00abHezkuntza eta espazioa 2018 &#8211; Educaci\u00f3n y espacio 2018\u00bb\" rel=\"nofollow\" class=\"id-11637 ext-pdf\">Idea 49 \u00abHezkuntza eta espazioa 2018 &#8211; Educaci\u00f3n y espacio 2018\u00bb<\/a><\/td><\/tr><tr><td><a href=\"https:\/\/consejoescolar.educacion.navarra.es\/web1\/?ddownload=9705\" title=\"Idea 48 \u00abBerrikuntza proiektuak &#8211; Proyectos de innovaci\u00f3n 2016-2017\u00bb\" rel=\"nofollow\" class=\"id-9705 ext-pdf\">Idea 48 \u00abBerrikuntza proiektuak &#8211; Proyectos de innovaci\u00f3n 2016-2017\u00bb<\/a><\/td><\/tr><tr><td><a href=\"https:\/\/consejoescolar.educacion.navarra.es\/web1\/?ddownload=7731\" title=\"Idea 47 \u00abNafarroako Landa eremuko eskola &#8211; Escuela Rural en Navarra\u00bb\" rel=\"nofollow\" class=\"id-7731 ext-pdf\">Idea 47 \u00abNafarroako Landa eremuko eskola &#8211; Escuela Rural en Navarra\u00bb<\/a><\/td><\/tr><tr><td><a href=\"https:\/\/consejoescolar.educacion.navarra.es\/web1\/?ddownload=5872\" title=\"Idea 46 \u00abBerrikuntza proiektuak &#8211; Proyectos de innovaci\u00f3n 2015-2016\u00bb\" rel=\"nofollow\" class=\"id-5872 ext-pdf\">Idea 46 \u00abBerrikuntza proiektuak &#8211; Proyectos de innovaci\u00f3n 2015-2016\u00bb<\/a><\/td><\/tr><tr><td><a href=\"https:\/\/consejoescolar.educacion.navarra.es\/web1\/?ddownload=4524\" title=\"Idea 45 \u00abEducaci\u00f3n Infantil 0-6 Haur Hezkuntza\u00bb\" rel=\"nofollow\" class=\"id-4524 ext-pdf\">Idea 45 \u00abEducaci\u00f3n Infantil 0-6 Haur Hezkuntza\u00bb<\/a><\/td><\/tr><tr><td><a href=\"https:\/\/consejoescolar.educacion.navarra.es\/web1\/?ddownload=2359\" title=\"Idea 44 \u00abLa funci\u00f3n directiva en los centros escolares\u00bb\" rel=\"nofollow\" class=\"id-2359 ext-pdf\">Idea 44 \u00abLa funci\u00f3n directiva en los centros escolares\u00bb<\/a><\/td><\/tr><tr><td><a href=\"https:\/\/consejoescolar.educacion.navarra.es\/web1\/?ddownload=1680\" title=\"Idea 43 \u00abEscuela para todos\u00bb\" rel=\"nofollow\" class=\"id-1680 ext-pdf\">Idea 43 \u00abEscuela para todos\u00bb<\/a><\/td><\/tr><tr><td><a href=\"https:\/\/consejoescolar.educacion.navarra.es\/web1\/?ddownload=1684\" title=\"Idea 42 \u00abLa internacionalizaci\u00f3n de la formaci\u00f3n profesional\u00bb\" rel=\"nofollow\" class=\"id-1684 ext-pdf\">Idea 42 \u00abLa internacionalizaci\u00f3n de la formaci\u00f3n profesional\u00bb<\/a><\/td><\/tr><tr><td><a href=\"https:\/\/consejoescolar.educacion.navarra.es\/web1\/?ddownload=1683\" title=\"Idea 41 \u00abEl profesorado que la escuela necesita\u00bb\" rel=\"nofollow\" class=\"id-1683 ext-pdf\">Idea 41 \u00abEl profesorado que la escuela necesita\u00bb<\/a><\/td><\/tr><tr><td><a href=\"https:\/\/consejoescolar.educacion.navarra.es\/web1\/?ddownload=1682\" title=\"Idea 40 \u00abLos resultados escolares\u00bb\" rel=\"nofollow\" class=\"id-1682 ext-pdf\">Idea 40 \u00abLos resultados escolares\u00bb<\/a><\/td><\/tr><tr><td><a href=\"https:\/\/consejoescolar.educacion.navarra.es\/web1\/?ddownload=1681\" title=\"Idea 39 \u00abFactores para el \u00e9xito escolar\u00bb\" rel=\"nofollow\" class=\"id-1681 ext-pdf\">Idea 39 \u00abFactores para el \u00e9xito escolar\u00bb<\/a><\/td><\/tr><tr><td><a href=\"https:\/\/consejoescolar.educacion.navarra.es\/web1\/?ddownload=1685\" title=\"Idea 38 \u00abLas tareas escolares\u00bb\" rel=\"nofollow\" class=\"id-1685 ext-pdf\">Idea 38 \u00abLas tareas escolares\u00bb<\/a><\/td><\/tr><tr><td><a href=\"https:\/\/consejoescolar.educacion.navarra.es\/web1\/?ddownload=1678\" title=\"Idea 37 \u00abJornadas TICs\u00bb\" rel=\"nofollow\" class=\"id-1678 ext-pdf\">Idea 37 \u00abJornadas TICs\u00bb<\/a><\/td><\/tr><tr><td><a href=\"https:\/\/consejoescolar.educacion.navarra.es\/web1\/?ddownload=2580\" title=\"Idea 36 \u00abLos PCPIs\u00bb\" rel=\"nofollow\" class=\"id-2580 ext-pdf\">Idea 36 \u00abLos PCPIs\u00bb<\/a><\/td><\/tr><tr><td><a href=\"https:\/\/consejoescolar.educacion.navarra.es\/web1\/?ddownload=1675\" title=\"Idea 35 \u00abLas ense\u00f1anzas deportivas\u00bb\" rel=\"nofollow\" class=\"id-1675 ext-pdf\">Idea 35 \u00abLas ense\u00f1anzas deportivas\u00bb<\/a><\/td><\/tr><tr><td><a href=\"https:\/\/consejoescolar.educacion.navarra.es\/web1\/?ddownload=1679\" title=\"Idea 34 \u00abLa escolarizaci\u00f3n\u00bb\" rel=\"nofollow\" class=\"id-1679 ext-pdf\">Idea 34 \u00abLa escolarizaci\u00f3n\u00bb<\/a><\/td><\/tr><tr><td><a href=\"https:\/\/consejoescolar.educacion.navarra.es\/web1\/?ddownload=1674\" title=\"Idea 33 \u00abInternet y educaci\u00f3n\u00bb\" rel=\"nofollow\" class=\"id-1674 ext-pdf\">Idea 33 \u00abInternet y educaci\u00f3n\u00bb<\/a><\/td><\/tr><tr><td><a href=\"https:\/\/consejoescolar.educacion.navarra.es\/web1\/?ddownload=1673\" title=\"Idea 32 \u00abX Jornada del Consejo Escolar de Navarra: La participaci\u00f3n de la sociedad en la educaci\u00f3n. La ciudad educadora\u00bb\" rel=\"nofollow\" class=\"id-1673 ext-pdf\">Idea 32 \u00abX Jornada del Consejo Escolar de Navarra: La participaci\u00f3n de la sociedad en la educaci\u00f3n. La ciudad educadora\u00bb<\/a><\/td><\/tr><tr><td><a href=\"https:\/\/consejoescolar.educacion.navarra.es\/web1\/?ddownload=1672\" title=\"Idea 31 \u00abAutonom\u00eda de los centros. Calidad y sistemas de gesti\u00f3n\u00bb\" rel=\"nofollow\" class=\"id-1672 ext-pdf\">Idea 31 \u00abAutonom\u00eda de los centros. Calidad y sistemas de gesti\u00f3n\u00bb<\/a><\/td><\/tr><tr><td><a href=\"https:\/\/consejoescolar.educacion.navarra.es\/web1\/?ddownload=1671\" title=\"Idea 30 \u00abProyecci\u00f3n internacional de centros escolares\u00bb\" rel=\"nofollow\" class=\"id-1671 ext-pdf\">Idea 30 \u00abProyecci\u00f3n internacional de centros escolares\u00bb<\/a><\/td><\/tr><tr><td><a href=\"https:\/\/consejoescolar.educacion.navarra.es\/web1\/?ddownload=1670\" title=\"Idea 29 \u00abPrevenci\u00f3n de drogodependencias\u00bb\" rel=\"nofollow\" class=\"id-1670 ext-pdf\">Idea 29 \u00abPrevenci\u00f3n de drogodependencias\u00bb<\/a><\/td><\/tr><tr><td><a href=\"https:\/\/consejoescolar.educacion.navarra.es\/web1\/?ddownload=1669\" title=\"Idea 28 \u00abActividades extraescolares\u00bb\" rel=\"nofollow\" class=\"id-1669 ext-pdf\">Idea 28 \u00abActividades extraescolares\u00bb<\/a><\/td><\/tr><tr><td><a href=\"https:\/\/consejoescolar.educacion.navarra.es\/web1\/?ddownload=1668\" title=\"Idea 27 \u00abFormaci\u00f3n del profesorado\u00bb\" rel=\"nofollow\" class=\"id-1668 ext-pdf\">Idea 27 \u00abFormaci\u00f3n del profesorado\u00bb<\/a><\/td><\/tr><tr><td><a href=\"https:\/\/consejoescolar.educacion.navarra.es\/web1\/?ddownload=1667\" title=\"Idea 26 \u00abLos padres: su responsabilidad educativa y su participaci\u00f3n en la escuela\u00bb\" rel=\"nofollow\" class=\"id-1667 ext-pdf\">Idea 26 \u00abLos padres: su responsabilidad educativa y su participaci\u00f3n en la escuela\u00bb<\/a><\/td><\/tr><tr><td><a href=\"https:\/\/consejoescolar.educacion.navarra.es\/web1\/?ddownload=1666\" title=\"Idea 25 \u00abOrientaci\u00f3n y tutor\u00eda\u00bb\" rel=\"nofollow\" class=\"id-1666 ext-pdf\">Idea 25 \u00abOrientaci\u00f3n y tutor\u00eda\u00bb<\/a><\/td><\/tr><tr><td><a href=\"https:\/\/consejoescolar.educacion.navarra.es\/web1\/?ddownload=1665\" title=\"Idea 24 \u00abLa convivencia escolar\u00bb\" rel=\"nofollow\" class=\"id-1665 ext-pdf\">Idea 24 \u00abLa convivencia escolar\u00bb<\/a><\/td><\/tr><tr><td><a href=\"https:\/\/consejoescolar.educacion.navarra.es\/web1\/?ddownload=1664\" title=\"Idea 23 \u00abLa ense\u00f1anza de los idiomas\u00bb\" rel=\"nofollow\" class=\"id-1664 ext-pdf\">Idea 23 \u00abLa ense\u00f1anza de los idiomas\u00bb<\/a><\/td><\/tr><tr><td><a href=\"https:\/\/consejoescolar.educacion.navarra.es\/web1\/?ddownload=1662\" title=\"Idea 22 \u00abLa educaci\u00f3n especial\u00bb\" rel=\"nofollow\" class=\"id-1662 ext-pdf\">Idea 22 \u00abLa educaci\u00f3n especial\u00bb<\/a><\/td><\/tr><tr><td><a href=\"https:\/\/consejoescolar.educacion.navarra.es\/web1\/?ddownload=1661\" title=\"Idea 21 \u00abLa atenci\u00f3n a la diversidad cultural, un nuevo escenario educativo\u00bb\" rel=\"nofollow\" class=\"id-1661 ext-pdf\">Idea 21 \u00abLa atenci\u00f3n a la diversidad cultural, un nuevo escenario educativo\u00bb<\/a><\/td><\/tr><tr><td><a href=\"https:\/\/consejoescolar.educacion.navarra.es\/web1\/?ddownload=2578\" title=\"Idea 20 \u00abLas matem\u00e1ticas\u00bb\" rel=\"nofollow\" class=\"id-2578 ext-pdf\">Idea 20 \u00abLas matem\u00e1ticas\u00bb<\/a><\/td><\/tr><tr><td><a href=\"https:\/\/consejoescolar.educacion.navarra.es\/web1\/?ddownload=2577\" title=\"Idea 19 \u00abLectura y escritura\u00bb\" rel=\"nofollow\" class=\"id-2577 ext-pdf\">Idea 19 \u00abLectura y escritura\u00bb<\/a><\/td><\/tr><tr><td><a href=\"https:\/\/consejoescolar.educacion.navarra.es\/web1\/?ddownload=2575\" title=\"Idea 18 \u00abPlanes de mejora en los centros\/evaluaci\u00f3n\u00bb\" rel=\"nofollow\" class=\"id-2575 ext-pdf\">Idea 18 \u00abPlanes de mejora en los centros\/evaluaci\u00f3n\u00bb<\/a><\/td><\/tr><tr><td><a href=\"https:\/\/consejoescolar.educacion.navarra.es\/web1\/?ddownload=2574\" title=\"Idea 17 \u00abLa formaci\u00f3n profesional en Navarra\u00bb\" rel=\"nofollow\" class=\"id-2574 ext-pdf\">Idea 17 \u00abLa formaci\u00f3n profesional en Navarra\u00bb<\/a><\/td><\/tr><tr><td><a href=\"https:\/\/consejoescolar.educacion.navarra.es\/web1\/?ddownload=2573\" title=\"Idea 16 Castellano\" rel=\"nofollow\" class=\"id-2573 ext-pdf\">Idea 16 Castellano<\/a><\/td><\/tr><tr><td><a href=\"https:\/\/consejoescolar.educacion.navarra.es\/web1\/?ddownload=2572\" title=\"Idea 15 Castellano\" rel=\"nofollow\" class=\"id-2572 ext-pdf\">Idea 15 Castellano<\/a><\/td><\/tr><tr><td><a href=\"https:\/\/consejoescolar.educacion.navarra.es\/web1\/?ddownload=2571\" title=\"Idea 14 Castellano\" rel=\"nofollow\" class=\"id-2571 ext-pdf\">Idea 14 Castellano<\/a><\/td><\/tr><tr><td><a href=\"https:\/\/consejoescolar.educacion.navarra.es\/web1\/?ddownload=2570\" title=\"Idea 13 Castellano\" rel=\"nofollow\" class=\"id-2570 ext-pdf\">Idea 13 Castellano<\/a><\/td><\/tr><tr><td><a href=\"https:\/\/consejoescolar.educacion.navarra.es\/web1\/?ddownload=2553\" title=\"Idea 12 Castellano\" rel=\"nofollow\" class=\"id-2553 ext-pdf\">Idea 12 Castellano<\/a><\/td><\/tr><tr><td><a href=\"https:\/\/consejoescolar.educacion.navarra.es\/web1\/?ddownload=2552\" title=\"Idea 11 Castellano\" rel=\"nofollow\" class=\"id-2552 ext-pdf\">Idea 11 Castellano<\/a><\/td><\/tr><tr><td><a href=\"https:\/\/consejoescolar.educacion.navarra.es\/web1\/?ddownload=2551\" title=\"Idea 10 Castellano\" rel=\"nofollow\" class=\"id-2551 ext-pdf\">Idea 10 Castellano<\/a><\/td><\/tr><tr><td><a href=\"https:\/\/consejoescolar.educacion.navarra.es\/web1\/?ddownload=2550\" title=\"Idea 09 Castellano\" rel=\"nofollow\" class=\"id-2550 ext-pdf\">Idea 09 Castellano<\/a><\/td><\/tr><tr><td><a href=\"https:\/\/consejoescolar.educacion.navarra.es\/web1\/?ddownload=2549\" title=\"Idea 08 Castellano\" rel=\"nofollow\" class=\"id-2549 ext-pdf\">Idea 08 Castellano<\/a><\/td><\/tr><tr><td><a href=\"https:\/\/consejoescolar.educacion.navarra.es\/web1\/?ddownload=2548\" title=\"Idea 07 Castellano\" rel=\"nofollow\" class=\"id-2548 ext-pdf\">Idea 07 Castellano<\/a><\/td><\/tr><tr><td><a href=\"https:\/\/consejoescolar.educacion.navarra.es\/web1\/?ddownload=2547\" title=\"Idea 06 Castellano\" rel=\"nofollow\" class=\"id-2547 ext-pdf\">Idea 06 Castellano<\/a><\/td><\/tr><tr><td><a href=\"https:\/\/consejoescolar.educacion.navarra.es\/web1\/?ddownload=2546\" title=\"Idea 05 Castellano\" rel=\"nofollow\" class=\"id-2546 ext-pdf\">Idea 05 Castellano<\/a><\/td><\/tr><tr><td><a href=\"https:\/\/consejoescolar.educacion.navarra.es\/web1\/?ddownload=2545\" title=\"Idea 04 Castellano\" rel=\"nofollow\" class=\"id-2545 ext-pdf\">Idea 04 Castellano<\/a><\/td><\/tr><tr><td><a href=\"https:\/\/consejoescolar.educacion.navarra.es\/web1\/?ddownload=2544\" title=\"Idea 03 Castellano\" rel=\"nofollow\" class=\"id-2544 ext-pdf\">Idea 03 Castellano<\/a><\/td><\/tr><tr><td><a href=\"https:\/\/consejoescolar.educacion.navarra.es\/web1\/?ddownload=1652\" title=\"Idea 02 Castellano\" rel=\"nofollow\" class=\"id-1652 ext-pdf\">Idea 02 Castellano<\/a><\/td><\/tr><tr><td><a href=\"https:\/\/consejoescolar.educacion.navarra.es\/web1\/?ddownload=1608\" title=\"Idea 01 Castellano\" rel=\"nofollow\" class=\"id-1608 ext-pdf\">Idea 01 Castellano<\/a><\/td><\/tr><\/table><\/figure>\n","protected":false},"excerpt":{"rendered":"","protected":false},"author":1,"featured_media":0,"parent":1686,"menu_order":0,"comment_status":"closed","ping_status":"closed","template":"","meta":{"_genesis_hide_title":false,"_genesis_hide_breadcrumbs":false,"_genesis_hide_singular_image":false,"_genesis_hide_footer_widgets":false,"_genesis_custom_body_class":"","_genesis_custom_post_class":"","_genesis_layout":"","jetpack_post_was_ever_published":false},"_links":{"self":[{"href":"https:\/\/consejoescolar.educacion.navarra.es\/web1\/wp-json\/wp\/v2\/pages\/1653"}],"collection":[{"href":"https:\/\/consejoescolar.educacion.navarra.es\/web1\/wp-json\/wp\/v2\/pages"}],"about":[{"href":"https:\/\/consejoescolar.educacion.navarra.es\/web1\/wp-json\/wp\/v2\/types\/page"}],"author":[{"embeddable":true,"href":"https:\/\/consejoescolar.educacion.navarra.es\/web1\/wp-json\/wp\/v2\/users\/1"}],"replies":[{"embeddable":true,"href":"https:\/\/consejoescolar.educacion.navarra.es\/web1\/wp-json\/wp\/v2\/comments?post=1653"}],"version-history":[{"count":13,"href":"https:\/\/consejoescolar.educacion.navarra.es\/web1\/wp-json\/wp\/v2\/pages\/1653\/revisions"}],"predecessor-version":[{"id":37427,"href":"https:\/\/consejoescolar.educacion.navarra.es\/web1\/wp-json\/wp\/v2\/pages\/1653\/revisions\/37427"}],"up":[{"embeddable":true,"href":"https:\/\/consejoescolar.educacion.navarra.es\/web1\/wp-json\/wp\/v2\/pages\/1686"}],"wp:attachment":[{"href":"https:\/\/consejoescolar.educacion.navarra.es\/web1\/wp-json\/wp\/v2\/media?parent=1653"}],"curies":[{"name":"wp","href":"https:\/\/api.w.org\/{rel}","templated":true}]}}