{"id":1195,"date":"2015-10-14T11:12:25","date_gmt":"2015-10-14T09:12:25","guid":{"rendered":"http:\/\/consejoescolar.educacion.navarra.es\/web1\/?page_id=1195"},"modified":"2016-08-26T08:49:02","modified_gmt":"2016-08-26T06:49:02","slug":"palacio-de-ezpeleta","status":"publish","type":"page","link":"https:\/\/consejoescolar.educacion.navarra.es\/web1\/palacio-de-ezpeleta\/","title":{"rendered":"Palacio de Ezpeleta"},"content":{"rendered":"<p><a href=\"http:\/\/consejoescolar.educacion.navarra.es\/web1\/wp-content\/uploads\/2015\/10\/IMG_0384-copia.jpg\"><img loading=\"lazy\" class=\"wp-image-1198 size-large\" src=\"http:\/\/consejoescolar.educacion.navarra.es\/web1\/wp-content\/uploads\/2015\/10\/IMG_0384-copia-1024x768.jpg\" alt=\"Ezpeleta 1\" width=\"1024\" height=\"768\" srcset=\"https:\/\/consejoescolar.educacion.navarra.es\/web1\/wp-content\/uploads\/2015\/10\/IMG_0384-copia-1024x768.jpg 1024w, https:\/\/consejoescolar.educacion.navarra.es\/web1\/wp-content\/uploads\/2015\/10\/IMG_0384-copia-300x225.jpg 300w, https:\/\/consejoescolar.educacion.navarra.es\/web1\/wp-content\/uploads\/2015\/10\/IMG_0384-copia-768x576.jpg 768w\" sizes=\"(max-width: 1024px) 100vw, 1024px\" \/><\/a><\/p>\n<p>El Consejo Escolar de Navarra tiene su sede en el <b>Palacio de Ezpeleta<\/b> o de los <b>Marqueses de Aguayo. <\/b>Se trata de<b>\u00a0<\/b>un edificio del siglo XVIII situado en la calle Mayor del <a title=\"Casco Antiguo de Pamplona\" href=\"https:\/\/es.wikipedia.org\/wiki\/Casco_Antiguo_de_Pamplona\">Casco Antiguo<\/a> de la ciudad de <a title=\"Pamplona\" href=\"https:\/\/es.wikipedia.org\/wiki\/Pamplona\">Pamplona<\/a>. En el a\u00f1o 2005 fue sede del <a title=\"Conservatorio Navarro de M\u00fasica Pablo Sarasate\" href=\"https:\/\/es.wikipedia.org\/wiki\/Conservatorio_Navarro_de_M%C3%BAsica_Pablo_Sarasate\">Conservatorio Navarro de M\u00fasica Pablo Sarasate<\/a>. Actualmente tambi\u00e9n es la sede de la <a href=\"http:\/\/escuelaeducadores.educacion.navarra.es\/\" target=\"_blank\">Escuela de educadores<\/a> y de la <a href=\"https:\/\/eoidna.educacion.navarra.es\/\" target=\"_blank\">Escuela Oficial de Idiomas a Distancia<\/a>.<\/p>\n<p>El palacio se comenz\u00f3 a construir en 1709 por el cantero Pedro de Arriar\u00e1n y el escultor Domingo de Gaztelu para la familia de Agust\u00edn de Echeverz (marqueses San Miguel de Aguayo), gobernador y capit\u00e1n general del Nuevo Reino de Le\u00f3n en el virreinato de Nueva Espa\u00f1a.<\/p>\n<p>Est\u00e1 dentro del esp\u00edritu de la Ilustraci\u00f3n en el que Pamplona renov\u00f3 sus edificaciones, demoliendo buena parte del caser\u00edo de los siglos anteriores. En esta etapa de gran actividad constructiva, irrumpi\u00f3 con fuerza un urbanismo con inter\u00e9s por las panor\u00e1micas, las vistas, las grandes plazas y parques, y la disposici\u00f3n escenogr\u00e1fica de los conjuntos monumentales.<\/p>\n<p><img loading=\"lazy\" class=\"aligncenter size-full wp-image-4806\" src=\"http:\/\/consejoescolar.educacion.navarra.es\/web1\/wp-content\/uploads\/2015\/10\/IMG_20160819_075824-editada.jpg\" alt=\"\" width=\"3193\" height=\"3919\" srcset=\"https:\/\/consejoescolar.educacion.navarra.es\/web1\/wp-content\/uploads\/2015\/10\/IMG_20160819_075824-editada.jpg 3193w, https:\/\/consejoescolar.educacion.navarra.es\/web1\/wp-content\/uploads\/2015\/10\/IMG_20160819_075824-editada-244x300.jpg 244w, https:\/\/consejoescolar.educacion.navarra.es\/web1\/wp-content\/uploads\/2015\/10\/IMG_20160819_075824-editada-768x943.jpg 768w, https:\/\/consejoescolar.educacion.navarra.es\/web1\/wp-content\/uploads\/2015\/10\/IMG_20160819_075824-editada-834x1024.jpg 834w\" sizes=\"(max-width: 3193px) 100vw, 3193px\" \/><\/p>\n<p>La fachada es plenamente barroca y se compone de un gran cuerpo de piedra con almohadillado r\u00fastico, piso noble de ladrillo con balcones y remate con \u00f3culos en el \u00e1tico. Destaca la gran portada de Domingo Gaztelu, de piedra blanca de Olza, que en 1843 V\u00edctor Hugo calific\u00f3 como \u00ab<i>una \u00e9gloga\u00a0adornada con balas de ca\u00f1\u00f3n<\/i>\u00bb. Esto es debido a que lo componen motivos alusivos a la actividad militar \u2014ca\u00f1ones, trofeos y guerreros\u2014 de sus primeros propietarios. La sirena tambi\u00e9n aparece con reiteraci\u00f3n. A su descripci\u00f3n hay que a\u00f1adir la escalera que parte del zagu\u00e1n de porte noble y un gran patio posterior, que todo ello hace a este edificio uno de los ejemplares m\u00e1s notables de la arquitectura civil de la ciudad.<\/p>\n<p>En 1800, el marqu\u00e9s de San Miguel de Aguayo, que resid\u00eda en M\u00e9xico, vendi\u00f3 el inmueble al conde de Ezpeleta, que le ha dado nombre hasta hoy, y que coloc\u00f3 sus armas sobre el dintel de la portada. A\u00f1os m\u00e1s tarde pas\u00f3 a ser propiedad del marqu\u00e9s del Amparo, y desde 1918 hasta 1999 fue colegio de la Compa\u00f1\u00eda de Santa Teresa de Jes\u00fas.<\/p>\n<p>En 2004 fue reformado por los arquitectos Manuel Enr\u00edquez Jim\u00e9nez y Javier Barcos Berruezo, rescatando los elementos arquitect\u00f3nicos de mayor inter\u00e9s.<\/p>\n","protected":false},"excerpt":{"rendered":"<p>El Consejo Escolar de Navarra tiene su sede en el Palacio de Ezpeleta o de los Marqueses de Aguayo. Se trata de\u00a0un edificio del siglo XVIII situado en la calle Mayor del Casco Antiguo de la ciudad de Pamplona. En el a\u00f1o 2005 fue sede del Conservatorio Navarro de M\u00fasica Pablo Sarasate. Actualmente tambi\u00e9n es [&hellip;]<\/p>\n","protected":false},"author":1,"featured_media":0,"parent":0,"menu_order":0,"comment_status":"closed","ping_status":"closed","template":"","meta":{"_genesis_hide_title":false,"_genesis_hide_breadcrumbs":false,"_genesis_hide_singular_image":false,"_genesis_hide_footer_widgets":false,"_genesis_custom_body_class":"","_genesis_custom_post_class":"","_genesis_layout":"","jetpack_post_was_ever_published":false},"_links":{"self":[{"href":"https:\/\/consejoescolar.educacion.navarra.es\/web1\/wp-json\/wp\/v2\/pages\/1195"}],"collection":[{"href":"https:\/\/consejoescolar.educacion.navarra.es\/web1\/wp-json\/wp\/v2\/pages"}],"about":[{"href":"https:\/\/consejoescolar.educacion.navarra.es\/web1\/wp-json\/wp\/v2\/types\/page"}],"author":[{"embeddable":true,"href":"https:\/\/consejoescolar.educacion.navarra.es\/web1\/wp-json\/wp\/v2\/users\/1"}],"replies":[{"embeddable":true,"href":"https:\/\/consejoescolar.educacion.navarra.es\/web1\/wp-json\/wp\/v2\/comments?post=1195"}],"version-history":[{"count":8,"href":"https:\/\/consejoescolar.educacion.navarra.es\/web1\/wp-json\/wp\/v2\/pages\/1195\/revisions"}],"predecessor-version":[{"id":4808,"href":"https:\/\/consejoescolar.educacion.navarra.es\/web1\/wp-json\/wp\/v2\/pages\/1195\/revisions\/4808"}],"wp:attachment":[{"href":"https:\/\/consejoescolar.educacion.navarra.es\/web1\/wp-json\/wp\/v2\/media?parent=1195"}],"curies":[{"name":"wp","href":"https:\/\/api.w.org\/{rel}","templated":true}]}}