{"id":1164,"date":"2015-10-14T10:44:46","date_gmt":"2015-10-14T08:44:46","guid":{"rendered":"http:\/\/consejoescolar.educacion.navarra.es\/web1\/?page_id=1164"},"modified":"2016-10-20T09:40:31","modified_gmt":"2016-10-20T07:40:31","slug":"funciones-y-competencias","status":"publish","type":"page","link":"https:\/\/consejoescolar.educacion.navarra.es\/web1\/funciones-y-competencias\/","title":{"rendered":"Funciones y competencias"},"content":{"rendered":"<p class=\"XL1\">Seg\u00fan el art\u00edculo 7 de la Ley Foral 12\/1997 de 4 de noviembre, las funciones y competencias del Consejo Escolar de Navarra son:<\/p>\n<p class=\"XL1\">1. El Consejo Escolar o Junta Superior de Educaci\u00f3n ser\u00e1 consultado preceptivamente sobre los siguientes asuntos:<\/p>\n<p class=\"XL2\">\u00a0 \u00a0a) Los anteproyectos de Ley Foral y los proyectos de reglamentos ejecutivos generales en materia educativa que deba aprobar el Gobierno de Navarra.<\/p>\n<p class=\"XL2\">\u00a0 \u00a0b) Los principios, bases y criterios para la planificaci\u00f3n general sobre creaci\u00f3n, modificaci\u00f3n, supresi\u00f3n y distribuci\u00f3n territorial de los centros docentes.<\/p>\n<p class=\"XL2\">\u00a0 \u00a0c) La normativa general sobre las caracter\u00edsticas de los centros escolares, sus plantillas y sus equipamientos educativos.<\/p>\n<p class=\"XL2\">\u00a0 \u00a0d) Los criterios generales relativos a la financiaci\u00f3n de los centros p\u00fablicos y de los centros privados concertados y subvencionados.<\/p>\n<p class=\"XL2\">\u00a0 \u00a0e) Las disposiciones generales sobre configuraci\u00f3n e implantaci\u00f3n de modelos ling\u00fc\u00edsticos.<\/p>\n<p class=\"XL2\">\u00a0 \u00a0f) Los principios b\u00e1sicos del sistema de becas y ayudas al estudio del Gobierno de Navarra.<\/p>\n<p class=\"XL2\">\u00a0 \u00a0g) La normativa general sobre actividades extraescolares y servicios complementarios de la ense\u00f1anza no universitaria.<\/p>\n<p class=\"XL2\">\u00a0 \u00a0h) Los proyectos de convenios o acuerdos de cooperaci\u00f3n con el Estado o con las Comunidades Aut\u00f3nomas en materia educativa a suscribir por la Comunidad Foral de Navarra.<\/p>\n<p class=\"XL2\">\u00a0 \u00a0i) Las disposiciones y actuaciones generales encaminadas a mejorar la calidad de la ense\u00f1anza y su adecuaci\u00f3n a la realidad social navarra, y las encaminadas a compensar las desigualdades y las diferencias sociales e individuales.<\/p>\n<p class=\"XL1\">2. El Consejo Escolar o Junta Superior de Educaci\u00f3n, por propia iniciativa, podr\u00e1, adem\u00e1s, elevar al Departamento de Educaci\u00f3n y Cultura propuestas e informes sobre los siguientes asuntos:<\/p>\n<p class=\"XL2\">\u00a0 \u00a0a) Evaluaci\u00f3n del sistema educativo.<\/p>\n<p class=\"XL2\">\u00a0 \u00a0b) R\u00e9gimen de centros docentes.<\/p>\n<p class=\"XL2\">\u00a0 \u00a0c) Cumplimiento de las normas legales en los centros p\u00fablicos y privados.<\/p>\n<p class=\"XL2\">\u00a0 \u00a0d) Formaci\u00f3n y perfeccionamiento del profesorado.<\/p>\n<p class=\"XL2\">\u00a0 \u00a0e) Pol\u00edtica de recursos humanos.<\/p>\n<p class=\"XL2\">\u00a0 \u00a0f) Cualquier otro relacionado con la programaci\u00f3n general de la ense\u00f1anza.<\/p>\n<p class=\"XL1\">3. El Consejero de Educaci\u00f3n y Cultura podr\u00e1 someter a la consideraci\u00f3n del Consejo Escolar o Junta Superior de Educaci\u00f3n otros asuntos relacionados con la programaci\u00f3n general de la ense\u00f1anza no universitaria en la Comunidad Foral de Navarra.<\/p>\n<p class=\"XL1\">\n","protected":false},"excerpt":{"rendered":"<p>Seg\u00fan el art\u00edculo 7 de la Ley Foral 12\/1997 de 4 de noviembre, las funciones y competencias del Consejo Escolar de Navarra son: 1. El Consejo Escolar o Junta Superior de Educaci\u00f3n ser\u00e1 consultado preceptivamente sobre los siguientes asuntos: \u00a0 \u00a0a) Los anteproyectos de Ley Foral y los proyectos de reglamentos ejecutivos generales en materia [&hellip;]<\/p>\n","protected":false},"author":1,"featured_media":0,"parent":0,"menu_order":0,"comment_status":"closed","ping_status":"closed","template":"","meta":{"_genesis_hide_title":false,"_genesis_hide_breadcrumbs":false,"_genesis_hide_singular_image":false,"_genesis_hide_footer_widgets":false,"_genesis_custom_body_class":"","_genesis_custom_post_class":"","_genesis_layout":"","jetpack_post_was_ever_published":false},"_links":{"self":[{"href":"https:\/\/consejoescolar.educacion.navarra.es\/web1\/wp-json\/wp\/v2\/pages\/1164"}],"collection":[{"href":"https:\/\/consejoescolar.educacion.navarra.es\/web1\/wp-json\/wp\/v2\/pages"}],"about":[{"href":"https:\/\/consejoescolar.educacion.navarra.es\/web1\/wp-json\/wp\/v2\/types\/page"}],"author":[{"embeddable":true,"href":"https:\/\/consejoescolar.educacion.navarra.es\/web1\/wp-json\/wp\/v2\/users\/1"}],"replies":[{"embeddable":true,"href":"https:\/\/consejoescolar.educacion.navarra.es\/web1\/wp-json\/wp\/v2\/comments?post=1164"}],"version-history":[{"count":4,"href":"https:\/\/consejoescolar.educacion.navarra.es\/web1\/wp-json\/wp\/v2\/pages\/1164\/revisions"}],"predecessor-version":[{"id":5281,"href":"https:\/\/consejoescolar.educacion.navarra.es\/web1\/wp-json\/wp\/v2\/pages\/1164\/revisions\/5281"}],"wp:attachment":[{"href":"https:\/\/consejoescolar.educacion.navarra.es\/web1\/wp-json\/wp\/v2\/media?parent=1164"}],"curies":[{"name":"wp","href":"https:\/\/api.w.org\/{rel}","templated":true}]}}