{"id":1160,"date":"2015-10-14T09:12:48","date_gmt":"2015-10-14T07:12:48","guid":{"rendered":"http:\/\/consejoescolar.educacion.navarra.es\/web1\/?page_id=1160"},"modified":"2026-03-05T09:26:32","modified_gmt":"2026-03-05T08:26:32","slug":"presentacion","status":"publish","type":"page","link":"https:\/\/consejoescolar.educacion.navarra.es\/web1\/presentacion\/","title":{"rendered":"Presentaci\u00f3n y composici\u00f3n"},"content":{"rendered":"<p><a href=\"https:\/\/consejoescolar.educacion.navarra.es\/web1\/wp-content\/uploads\/2021\/09\/cropped-favicono._adobespark.png\"><img loading=\"lazy\" class=\"aligncenter  wp-image-22189\" src=\"https:\/\/consejoescolar.educacion.navarra.es\/web1\/wp-content\/uploads\/2021\/09\/cropped-favicono._adobespark.png\" alt=\"\" width=\"247\" height=\"247\" srcset=\"https:\/\/consejoescolar.educacion.navarra.es\/web1\/wp-content\/uploads\/2021\/09\/cropped-favicono._adobespark.png 512w, https:\/\/consejoescolar.educacion.navarra.es\/web1\/wp-content\/uploads\/2021\/09\/cropped-favicono._adobespark-300x300.png 300w, https:\/\/consejoescolar.educacion.navarra.es\/web1\/wp-content\/uploads\/2021\/09\/cropped-favicono._adobespark-150x150.png 150w, https:\/\/consejoescolar.educacion.navarra.es\/web1\/wp-content\/uploads\/2021\/09\/cropped-favicono._adobespark-270x270.png 270w, https:\/\/consejoescolar.educacion.navarra.es\/web1\/wp-content\/uploads\/2021\/09\/cropped-favicono._adobespark-192x192.png 192w, https:\/\/consejoescolar.educacion.navarra.es\/web1\/wp-content\/uploads\/2021\/09\/cropped-favicono._adobespark-180x180.png 180w, https:\/\/consejoescolar.educacion.navarra.es\/web1\/wp-content\/uploads\/2021\/09\/cropped-favicono._adobespark-32x32.png 32w\" sizes=\"(max-width: 247px) 100vw, 247px\" \/><\/a><\/p>\n<p>El Consejo Escolar o Junta Superior de Educaci\u00f3n es el \u00f3rgano superior de consulta y participaci\u00f3n de los sectores sociales afectados en la programaci\u00f3n general de la ense\u00f1anza no universitaria dentro del \u00e1mbito de la Comunidad Foral.<\/p>\n<p><strong>COMPOSICI\u00d3N<\/strong><\/p>\n<p><a href=\"https:\/\/consejoescolar.educacion.navarra.es\/web1\/wp-content\/uploads\/2026\/03\/Miembros-del-pleno-2025.pdf\">Pleno<\/a><\/p>\n<p><a href=\"https:\/\/consejoescolar.educacion.navarra.es\/web1\/wp-content\/uploads\/2026\/03\/COMISION-PERMANENTE-WEB-25-26.pdf\">Comisi\u00f3n Permanente<\/a><\/p>\n<p>Tal como recoge el art\u00edculo 4 de la Ley Foral 12\/1997, de 4 de noviembre:<\/p>\n<p class=\"XL1\">1. El Consejo Escolar o Junta Superior de Educaci\u00f3n estar\u00e1 integrado por los siguientes miembros:<\/p>\n<p class=\"XL2\">\u00a0 \u00a0a) El Presidente o Presidenta del Consejo, que ser\u00e1 nombrado por el Gobierno de Navarra.<\/p>\n<p class=\"XL2\">\u00a0 \u00a0b) Cinco representantes del profesorado de los niveles no universitarios de los centros p\u00fablicos y privados de Navarra, con arreglo a la siguiente distribuci\u00f3n:<\/p>\n<p class=\"XA2\">Tres correspondientes a centros p\u00fablicos, designados uno por cada una de las tres organizaciones sindicales con mayor n\u00famero de representantes en la Comisi\u00f3n de personal docente de la Administraci\u00f3n de la Comunidad Foral de Navarra.<\/p>\n<p class=\"XA2\">Dos correspondientes a centros privados, designados uno por cada una de las dos organizaciones sindicales m\u00e1s representativas de la ense\u00f1anza privada en la Comunidad Foral de Navarra.<\/p>\n<p class=\"XL2\">\u00a0 \u00a0c) Cinco representantes designados a propuesta de las Federaciones de Asociaciones de Padres y Madres del alumnado en proporci\u00f3n a su representatividad, por raz\u00f3n de afiliaci\u00f3n.<\/p>\n<p class=\"XL2\">\u00a0 \u00a0d) Dos representantes del alumnado de los niveles no universitarios de los centros p\u00fablicos y privados de Navarra designados a propuesta de las Asociaciones o Federaciones de Asociaciones de Alumnado, en proporci\u00f3n a su representatividad.<\/p>\n<p class=\"XL2\">\u00a0 \u00a0e) Tres representantes de las Asociaciones empresariales y entidades titulares de centros privados de Navarra, designadas a propuesta de las Asociaciones o Federaciones, en proporci\u00f3n a su representatividad, en funci\u00f3n del n\u00famero de alumnos y alumnas en sus centros de la Comunidad Foral de Navarra.<\/p>\n<p class=\"XL2\">\u00a0 \u00a0f) Cinco representantes de la Administraci\u00f3n Educativa propuestos por el Consejero de Educaci\u00f3n.<\/p>\n<p class=\"XL2\">\u00a0 \u00a0g) Dos representantes de las entidades locales, propuestos por la Federaci\u00f3n de Municipios y Concejos de Navarra.<\/p>\n<p class=\"XL2\">\u00a0 \u00a0h) Un miembro designado entre personalidades de reconocido prestigio en el mundo de la ense\u00f1anza, nombrado a propuesta del Consejero de Educaci\u00f3n.<\/p>\n<p class=\"XL2\">\u00a0 \u00a0i) Dos representantes de las Universidades, uno de la p\u00fablica y otro de la privada, designados a propuesta de sus correspondientes \u00f3rganos de gobierno.<\/p>\n<p class=\"XL2\">\u00a0 \u00a0j) Dos miembros de la Comisi\u00f3n de Educaci\u00f3n del Parlamento de Navarra, designados por la misma.<\/p>\n<p class=\"XL2\">\u00a0 \u00a0k) Un\/a representante propuesto por la asociaci\u00f3n empresarial m\u00e1s representativa en el \u00e1mbito de la Comunidad Foral de Navarra.<\/p>\n<p class=\"XL2\">\u00a0 \u00a0l) Un\/a representante propuesto por la organizaci\u00f3n sindical m\u00e1s representativa en el \u00e1mbito de la Comunidad Foral de Navarra.<\/p>\n<p class=\"XL2\">\u00a0 \u00a0m) Un\/a representante del Personal de Administraci\u00f3n y Servicios de los centros docentes de Navarra, propuesto por la Comisi\u00f3n de Administraci\u00f3n N\u00facleo.<\/p>\n<p class=\"XL2\">\u00a0 \u00a0n) Un\/a representante de la organizaci\u00f3n m\u00e1s representativa que englobe los diferentes tipos de discapacidad en la Comunidad Foral de Navarra.<\/p>\n<p class=\"XL2\">\u00a0 \u00a0\u00f1) Un\/a representante de los Directores y Directoras de centros docentes p\u00fablicos no universitarios de la Comunidad Foral de Navarra, propuesto por las asociaciones de Directores y Directoras de dichos centros.<\/p>\n<p class=\"XL2\">\u00a0 \u00a0o) Un\/a representante de los Directores y Directoras de centros docentes privados concertados no universitarios de la Comunidad Foral de Navarra, propuesto por las asociaciones patronales de dichos centros.<\/p>\n<p class=\"XL2\">\u00a0 \u00a0p) La Secretar\u00eda del Consejo Escolar o Junta Superior de Educaci\u00f3n ser\u00e1 desempe\u00f1ada por la persona nombrada al efecto por el Gobierno de Navarra. Asistir\u00e1, con voz y sin voto, a las reuniones, y extender\u00e1 el acta de las mismas.<\/p>\n<p class=\"XL2\">\u00a0 \u00a0q) Un\/a representante de las asociaciones que trabajan por la igualdad elegido entre las asociaciones que se presenten al censo de agentes por la igualdad creado a tal efecto.<\/p>\n<p class=\"XL2\"><img loading=\"lazy\" class=\"aligncenter size-full wp-image-5945\" src=\"http:\/\/consejoescolar.educacion.navarra.es\/web1\/wp-content\/uploads\/2015\/10\/Presentaci\u00f3n4.jpg\" alt=\"\" width=\"787\" height=\"438\" srcset=\"https:\/\/consejoescolar.educacion.navarra.es\/web1\/wp-content\/uploads\/2015\/10\/Presentaci\u00f3n4.jpg 787w, https:\/\/consejoescolar.educacion.navarra.es\/web1\/wp-content\/uploads\/2015\/10\/Presentaci\u00f3n4-300x167.jpg 300w, https:\/\/consejoescolar.educacion.navarra.es\/web1\/wp-content\/uploads\/2015\/10\/Presentaci\u00f3n4-768x427.jpg 768w\" sizes=\"(max-width: 787px) 100vw, 787px\" \/><\/p>\n<p class=\"XL2\"><a href=\"https:\/\/consejoescolar.educacion.navarra.es\/web1\/wp-content\/uploads\/2019\/11\/tabla-distribucion-pleno-1.jpg\"><img loading=\"lazy\" class=\"aligncenter wp-image-17551 size-large\" src=\"https:\/\/consejoescolar.educacion.navarra.es\/web1\/wp-content\/uploads\/2019\/11\/tabla-distribucion-pleno-1-1024x641.jpg\" alt=\"\" width=\"1024\" height=\"641\" srcset=\"https:\/\/consejoescolar.educacion.navarra.es\/web1\/wp-content\/uploads\/2019\/11\/tabla-distribucion-pleno-1-1024x641.jpg 1024w, https:\/\/consejoescolar.educacion.navarra.es\/web1\/wp-content\/uploads\/2019\/11\/tabla-distribucion-pleno-1-300x188.jpg 300w, https:\/\/consejoescolar.educacion.navarra.es\/web1\/wp-content\/uploads\/2019\/11\/tabla-distribucion-pleno-1-768x481.jpg 768w, https:\/\/consejoescolar.educacion.navarra.es\/web1\/wp-content\/uploads\/2019\/11\/tabla-distribucion-pleno-1.jpg 1199w\" sizes=\"(max-width: 1024px) 100vw, 1024px\" \/><\/a><\/p>\n<p class=\"XL2\"><strong>LEGISLACI\u00d3N<\/strong><\/p>\n<p class=\"XL1\">La legislaci\u00f3n que regula el Consejo puede consultarse en los siguientes enlaces:<\/p>\n<ul>\n<li class=\"XL1\"><a href=\"http:\/\/consejoescolar.educacion.navarra.es\/web1\/wp-content\/uploads\/2016\/10\/Ley-Foral-12-1997-reguladora-Consejo-Escolar.pdf\" target=\"_blank\" rel=\"noopener noreferrer\">Ley Foral 12\/1997<\/a>, reguladora del Consejo Escolar de Navarra.<\/li>\n<li class=\"XL1\"><a href=\"http:\/\/consejoescolar.educacion.navarra.es\/web1\/wp-content\/uploads\/2016\/10\/Decreto-Foral-356-1998-reglamento-organizaci\u00f3n-CEN.pdf\" target=\"_blank\" rel=\"noopener noreferrer\">Decreto Foral 356\/1998<\/a>, reglamento de organizaci\u00f3n y funcionamiento del Consejo Escolar de Navarra.<\/li>\n<li class=\"XL1\"><a href=\"http:\/\/consejoescolar.educacion.navarra.es\/web1\/wp-content\/uploads\/2016\/10\/Ley-Foral-19-2012.pdf\" target=\"_blank\" rel=\"noopener noreferrer\">Ley Foral 19\/2012<\/a>, que modifica la Ley Foral 12\/1997.<\/li>\n<li class=\"XL1\"><a href=\"http:\/\/consejoescolar.educacion.navarra.es\/web1\/wp-content\/uploads\/2017\/02\/Acuerdo-CEN-16-02-1999-delegaci\u00f3n-a-Permanente.pdf\" target=\"_blank\" rel=\"noopener noreferrer\">Acuerdo CEN 16\/02\/1999<\/a>.<\/li>\n<li class=\"XL1\"><a href=\"http:\/\/consejoescolar.educacion.navarra.es\/web1\/wp-content\/uploads\/2017\/02\/Acuerdo-28-de-junio-de-2004.pdf\" target=\"_blank\" rel=\"noopener noreferrer\">Acuerdo Pleno 28\/06\/2004<\/a>.<\/li>\n<li class=\"XL1\"><a href=\"http:\/\/consejoescolar.educacion.navarra.es\/web1\/wp-content\/uploads\/2017\/02\/Acuerdo-23-de-noviembre-de-2005.pdf\" target=\"_blank\" rel=\"noopener noreferrer\">Acuerdo Pleno 23\/11\/2005<\/a>.<\/li>\n<li><a href=\"https:\/\/drive.google.com\/file\/d\/18CVDbMxW3g1IUQMepVruS0H3y-kwCnqW\/view?usp=drive_link\">Acuerdo Pleno 29\/04\/2025<\/a>.<\/li>\n<\/ul>\n","protected":false},"excerpt":{"rendered":"<p>El Consejo Escolar o Junta Superior de Educaci\u00f3n es el \u00f3rgano superior de consulta y participaci\u00f3n de los sectores sociales afectados en la programaci\u00f3n general de la ense\u00f1anza no universitaria dentro del \u00e1mbito de la Comunidad Foral. COMPOSICI\u00d3N Pleno Comisi\u00f3n Permanente Tal como recoge el art\u00edculo 4 de la Ley Foral 12\/1997, de 4 de [&hellip;]<\/p>\n","protected":false},"author":1,"featured_media":0,"parent":0,"menu_order":0,"comment_status":"closed","ping_status":"closed","template":"","meta":{"_genesis_hide_title":false,"_genesis_hide_breadcrumbs":false,"_genesis_hide_singular_image":false,"_genesis_hide_footer_widgets":false,"_genesis_custom_body_class":"","_genesis_custom_post_class":"","_genesis_layout":"","jetpack_post_was_ever_published":false},"_links":{"self":[{"href":"https:\/\/consejoescolar.educacion.navarra.es\/web1\/wp-json\/wp\/v2\/pages\/1160"}],"collection":[{"href":"https:\/\/consejoescolar.educacion.navarra.es\/web1\/wp-json\/wp\/v2\/pages"}],"about":[{"href":"https:\/\/consejoescolar.educacion.navarra.es\/web1\/wp-json\/wp\/v2\/types\/page"}],"author":[{"embeddable":true,"href":"https:\/\/consejoescolar.educacion.navarra.es\/web1\/wp-json\/wp\/v2\/users\/1"}],"replies":[{"embeddable":true,"href":"https:\/\/consejoescolar.educacion.navarra.es\/web1\/wp-json\/wp\/v2\/comments?post=1160"}],"version-history":[{"count":85,"href":"https:\/\/consejoescolar.educacion.navarra.es\/web1\/wp-json\/wp\/v2\/pages\/1160\/revisions"}],"predecessor-version":[{"id":36463,"href":"https:\/\/consejoescolar.educacion.navarra.es\/web1\/wp-json\/wp\/v2\/pages\/1160\/revisions\/36463"}],"wp:attachment":[{"href":"https:\/\/consejoescolar.educacion.navarra.es\/web1\/wp-json\/wp\/v2\/media?parent=1160"}],"curies":[{"name":"wp","href":"https:\/\/api.w.org\/{rel}","templated":true}]}}