{"id":34715,"date":"2025-06-10T13:06:06","date_gmt":"2025-06-10T11:06:06","guid":{"rendered":"https:\/\/consejoescolar.educacion.navarra.es\/web1\/?page_id=34715"},"modified":"2026-03-05T13:41:16","modified_gmt":"2026-03-05T12:41:16","slug":"5-osoko-bilkura-2025-04-29","status":"publish","type":"page","link":"https:\/\/consejoescolar.educacion.navarra.es\/web1\/eu\/5-osoko-bilkura-2025-04-29\/","title":{"rendered":"6. Osoko Bilkura &#8211; 2025\/04\/29"},"content":{"rendered":"\n<p><\/p>\n\n\n<figure class=\"wp-block-table is-style-stripes\"><table class=\"ddownloads_list tag-pleno29042025eus list-title\"><tr><td><a href=\"https:\/\/consejoescolar.educacion.navarra.es\/web1\/eu\/?ddownload=34376\" title=\"2. Osoko bilkuraren akta 2025-03-19\" rel=\"nofollow\" class=\"id-34376 ext-pdf\">2. Osoko bilkuraren akta 2025-03-19<\/a><\/td><\/tr><tr><td><a href=\"https:\/\/consejoescolar.educacion.navarra.es\/web1\/eu\/?ddownload=34360\" title=\"Acuerdo 29 de abril de 2025\" rel=\"nofollow\" class=\"id-34360 ext-docx\">Acuerdo 29 de abril de 2025<\/a><\/td><\/tr><tr><td><a href=\"https:\/\/consejoescolar.educacion.navarra.es\/web1\/eu\/?ddownload=34309\" title=\"Convocatoria Pleno 29 abril 2025\" rel=\"nofollow\" class=\"id-34309 ext-pdf\">Convocatoria Pleno 29 abril 2025<\/a><\/td><\/tr><tr><td><a href=\"https:\/\/consejoescolar.educacion.navarra.es\/web1\/eu\/?ddownload=34311\" title=\"Enmiendas acceso a las Ense\u00f1anzas Profesionales M\u00fasica SPEAb tras Comisi\u00f3n 1 y Permanente\" rel=\"nofollow\" class=\"id-34311 ext-xls\">Enmiendas acceso a las Ense\u00f1anzas Profesionales M\u00fasica SPEAb tras Comisi\u00f3n 1 y Permanente<\/a><\/td><\/tr><tr><td><a href=\"https:\/\/consejoescolar.educacion.navarra.es\/web1\/eu\/?ddownload=34310\" title=\"Informaci\u00f3n del Presidente\" rel=\"nofollow\" class=\"id-34310 ext-pdf\">Informaci\u00f3n del Presidente<\/a><\/td><\/tr><tr><td><a href=\"https:\/\/consejoescolar.educacion.navarra.es\/web1\/eu\/?ddownload=34312\" title=\"OF acceso a las Ense\u00f1anazas Profesionales M\u00fasica\" rel=\"nofollow\" class=\"id-34312 ext-pdf\">OF acceso a las Ense\u00f1anazas Profesionales M\u00fasica<\/a><\/td><\/tr><\/table><\/figure>\n","protected":false},"excerpt":{"rendered":"","protected":false},"author":1,"featured_media":0,"parent":0,"menu_order":0,"comment_status":"closed","ping_status":"closed","template":"","meta":{"_genesis_hide_title":false,"_genesis_hide_breadcrumbs":false,"_genesis_hide_singular_image":false,"_genesis_hide_footer_widgets":false,"_genesis_custom_body_class":"","_genesis_custom_post_class":"","_genesis_layout":"","jetpack_post_was_ever_published":false},"_links":{"self":[{"href":"https:\/\/consejoescolar.educacion.navarra.es\/web1\/eu\/wp-json\/wp\/v2\/pages\/34715"}],"collection":[{"href":"https:\/\/consejoescolar.educacion.navarra.es\/web1\/eu\/wp-json\/wp\/v2\/pages"}],"about":[{"href":"https:\/\/consejoescolar.educacion.navarra.es\/web1\/eu\/wp-json\/wp\/v2\/types\/page"}],"author":[{"embeddable":true,"href":"https:\/\/consejoescolar.educacion.navarra.es\/web1\/eu\/wp-json\/wp\/v2\/users\/1"}],"replies":[{"embeddable":true,"href":"https:\/\/consejoescolar.educacion.navarra.es\/web1\/eu\/wp-json\/wp\/v2\/comments?post=34715"}],"version-history":[{"count":3,"href":"https:\/\/consejoescolar.educacion.navarra.es\/web1\/eu\/wp-json\/wp\/v2\/pages\/34715\/revisions"}],"predecessor-version":[{"id":35993,"href":"https:\/\/consejoescolar.educacion.navarra.es\/web1\/eu\/wp-json\/wp\/v2\/pages\/34715\/revisions\/35993"}],"wp:attachment":[{"href":"https:\/\/consejoescolar.educacion.navarra.es\/web1\/eu\/wp-json\/wp\/v2\/media?parent=34715"}],"curies":[{"name":"wp","href":"https:\/\/api.w.org\/{rel}","templated":true}]}}