{"id":2489,"date":"2015-12-17T12:33:22","date_gmt":"2015-12-17T11:33:22","guid":{"rendered":"http:\/\/consejoescolar.educacion.navarra.es\/web1\/eu\/?page_id=2489"},"modified":"2025-09-08T08:14:53","modified_gmt":"2025-09-08T06:14:53","slug":"agurra","status":"publish","type":"page","link":"https:\/\/consejoescolar.educacion.navarra.es\/web1\/eu\/agurra\/","title":{"rendered":"Agurra"},"content":{"rendered":"<p style=\"text-align: center;\"><strong>&nbsp;<\/strong><\/p>\n<p><img loading=\"lazy\" class=\"aligncenter wp-image-34954 \" src=\"https:\/\/consejoescolar.educacion.navarra.es\/web1\/wp-content\/uploads\/2025\/09\/IMG-20250625-WA0004-682x1024.jpg\" alt=\"\" width=\"192\" height=\"288\" srcset=\"https:\/\/consejoescolar.educacion.navarra.es\/web1\/wp-content\/uploads\/2025\/09\/IMG-20250625-WA0004-682x1024.jpg 682w, https:\/\/consejoescolar.educacion.navarra.es\/web1\/wp-content\/uploads\/2025\/09\/IMG-20250625-WA0004-200x300.jpg 200w, https:\/\/consejoescolar.educacion.navarra.es\/web1\/wp-content\/uploads\/2025\/09\/IMG-20250625-WA0004-768x1153.jpg 768w, https:\/\/consejoescolar.educacion.navarra.es\/web1\/wp-content\/uploads\/2025\/09\/IMG-20250625-WA0004-1023x1536.jpg 1023w, https:\/\/consejoescolar.educacion.navarra.es\/web1\/wp-content\/uploads\/2025\/09\/IMG-20250625-WA0004.jpg 1066w\" sizes=\"(max-width: 192px) 100vw, 192px\" \/><\/p>\n<p style=\"text-align: center;\"><strong>Eskola Kontseiluko Lehendakaria <\/strong><\/p>\n<p>Kaixo guztioi:<\/p>\n<p>Nafarroako Eskola Kontseiluko lehendakari naizen aldetik, ongietorria eman nahi dizuet orri hau bisitatzen duzuen guztiei, eta nire aurkezpena egin.<\/p>\n<p>Gure helburua da topagune bat izatea, Nafarroako hezkuntzari buruz hausnartzeko eta parte hartzeko. Informazioa, dokumentuak eta proposamenak aurkituko dituzue hemen, non kalitatezko hezkuntza ekitatibo eta inklusiboaren aldeko konpromiso partekatua nagusitzen baita, gure ikasleak orainaren eta etorkizunaren erronketarako prestatzeko.<\/p>\n<p>Gonbita egiten dizuet gure lana ezagutzeko eta zeregin komun horren parte aktibo izateko.<\/p>\n<p>Agur bero bat<\/p>\n<p>Saludos,<\/p>\n<p>Como presidenta del Consejo Escolar de Navarra, quiero dar la bienvenida a todas las personas que visitan esta p\u00e1gina y presentarme.<\/p>\n<p>Nuestro objetivo es ser un espacio de encuentro, participaci\u00f3n y reflexi\u00f3n sobre la educaci\u00f3n en nuestra comunidad. Aqu\u00ed encontrar\u00e1n informaci\u00f3n, documentos y propuestas que reflejan el compromiso compartido por una educaci\u00f3n de calidad, equitativa e inclusiva, que prepare a nuestro alumnado para los retos del presente y del futuro.<\/p>\n<p>Les invito a conocer nuestro trabajo y a sentirse parte activa de esta tarea com\u00fan.<\/p>\n<p>Un cordial y afectuoso saludo<\/p>\n<p>Alicia Ruiz Oria<\/p>\n","protected":false},"excerpt":{"rendered":"<p>&nbsp; Eskola Kontseiluko Lehendakaria Kaixo guztioi: Nafarroako Eskola Kontseiluko lehendakari naizen aldetik, ongietorria eman nahi dizuet orri hau bisitatzen duzuen guztiei, eta nire aurkezpena egin. Gure helburua da topagune bat izatea, Nafarroako hezkuntzari buruz hausnartzeko eta parte hartzeko. Informazioa, dokumentuak eta proposamenak aurkituko dituzue hemen, non kalitatezko hezkuntza ekitatibo eta inklusiboaren aldeko konpromiso partekatua nagusitzen [&hellip;]<\/p>\n","protected":false},"author":1,"featured_media":0,"parent":0,"menu_order":0,"comment_status":"closed","ping_status":"closed","template":"","meta":{"_genesis_hide_title":false,"_genesis_hide_breadcrumbs":false,"_genesis_hide_singular_image":false,"_genesis_hide_footer_widgets":false,"_genesis_custom_body_class":"","_genesis_custom_post_class":"","_genesis_layout":"","jetpack_post_was_ever_published":false},"_links":{"self":[{"href":"https:\/\/consejoescolar.educacion.navarra.es\/web1\/eu\/wp-json\/wp\/v2\/pages\/2489"}],"collection":[{"href":"https:\/\/consejoescolar.educacion.navarra.es\/web1\/eu\/wp-json\/wp\/v2\/pages"}],"about":[{"href":"https:\/\/consejoescolar.educacion.navarra.es\/web1\/eu\/wp-json\/wp\/v2\/types\/page"}],"author":[{"embeddable":true,"href":"https:\/\/consejoescolar.educacion.navarra.es\/web1\/eu\/wp-json\/wp\/v2\/users\/1"}],"replies":[{"embeddable":true,"href":"https:\/\/consejoescolar.educacion.navarra.es\/web1\/eu\/wp-json\/wp\/v2\/comments?post=2489"}],"version-history":[{"count":8,"href":"https:\/\/consejoescolar.educacion.navarra.es\/web1\/eu\/wp-json\/wp\/v2\/pages\/2489\/revisions"}],"predecessor-version":[{"id":35019,"href":"https:\/\/consejoescolar.educacion.navarra.es\/web1\/eu\/wp-json\/wp\/v2\/pages\/2489\/revisions\/35019"}],"wp:attachment":[{"href":"https:\/\/consejoescolar.educacion.navarra.es\/web1\/eu\/wp-json\/wp\/v2\/media?parent=2489"}],"curies":[{"name":"wp","href":"https:\/\/api.w.org\/{rel}","templated":true}]}}